{"id":6123,"date":"2024-08-09T10:29:58","date_gmt":"2024-08-09T10:29:58","guid":{"rendered":"https:\/\/leanhotelsystem.com\/cookie-policy-eu\/"},"modified":"2025-12-02T11:33:27","modified_gmt":"2025-12-02T11:33:27","slug":"politique-en-matiere-de-cookies-de-lue","status":"publish","type":"page","link":"https:\/\/leanhotelsystem.com\/fr\/cookie-policy-eu\/","title":{"rendered":"Politique en mati\u00e8re de cookies (UE)"},"content":{"rendered":"<div data-elementor-type=\"wp-page\" data-elementor-id=\"6123\" class=\"elementor elementor-6123\" data-elementor-post-type=\"page\">\n\t\t\t\t<div class=\"elementor-element elementor-element-911af7a e-flex e-con-boxed e-con e-parent\" data-id=\"911af7a\" data-element_type=\"container\" data-e-type=\"container\">\n\t\t\t\t\t<div class=\"e-con-inner\">\n\t\t\t\t<div class=\"elementor-element elementor-element-260d4f0 elementor-widget elementor-widget-html\" data-id=\"260d4f0\" data-element_type=\"widget\" data-e-type=\"widget\" data-widget_type=\"html.default\">\n\t\t\t\t<div class=\"elementor-widget-container\">\n\t\t\t\t\t<!-- Start CookieYes cookie policy -->\n<style>\n  a.cky-banner-element {\n    padding: 8px 30px;\n    background: #f8f9fa;\n    color: #858a8f;\n    border: 1px solid #dee2e6;\n    box-sizing: border-box;\n    border-radius: 2px;\n    cursor: pointer\n  }\n<\/style>\n<h1 class=\"cookie-policy-h1\">Politique en mati\u00e8re de cookies<\/h1>\n<div class=\"cookie-policy-date-container\">\n  <p>Date d'entr\u00e9e en vigueur : 02 d\u00e9cembre 2025<\/p>\n  <p>Derni\u00e8re mise \u00e0 jour : 02 d\u00e9cembre 2025<\/p>\n<\/div>&nbsp;<h2>Qu'est-ce qu'un biscuit ?<\/h2>\n<div class=\"cookie-policy-p\">\n  <p>La pr\u00e9sente politique en mati\u00e8re de cookies explique ce que sont les cookies, comment nous les utilisons, les types de cookies que nous utilisons (par exemple, les informations que nous recueillons lors de l'utilisation de cookies et la mani\u00e8re dont ces informations sont utilis\u00e9es) et comment g\u00e9rer vos param\u00e8tres en mati\u00e8re de cookies.<\/p>\n  <p>Les cookies sont de petits fichiers texte utilis\u00e9s pour stocker certains \u00e9l\u00e9ments d'information. Ils sont stock\u00e9s sur votre appareil lorsqu'un site web est charg\u00e9 dans votre navigateur. Ces cookies permettent de garantir le bon fonctionnement du site web, de renforcer la s\u00e9curit\u00e9, d'offrir une meilleure exp\u00e9rience \u00e0 l'utilisateur et d'analyser les performances afin d'identifier ce qui fonctionne bien et ce qui doit \u00eatre am\u00e9lior\u00e9.<\/p>\n<\/div>&nbsp;<h2>Comment utilisons-nous les cookies ?<\/h2>\n<div class=\"cookie-policy-p\">\n  <p>Comme la plupart des services en ligne, notre site web utilise des cookies de premi\u00e8re partie et des cookies de tierce partie \u00e0 diverses fins. Les cookies de premi\u00e8re partie sont essentiellement n\u00e9cessaires au bon fonctionnement du site web ; ils ne collectent aucune donn\u00e9e personnelle identifiable.<\/p>\n  <p>Les cookies tiers utilis\u00e9s sur notre site web nous aident principalement \u00e0 comprendre comment notre site web r\u00e9agit, \u00e0 suivre la fa\u00e7on dont vous interagissez avec lui, \u00e0 prot\u00e9ger nos services, \u00e0 fournir des publicit\u00e9s pertinentes et \u00e0 am\u00e9liorer votre exp\u00e9rience globale en tant qu'utilisateur, tout en optimisant la vitesse de vos interactions ult\u00e9rieures sur notre site web.<\/p>\n<\/div>&nbsp;<h2>Types de cookies que nous utilisons<\/h2>\n<div class=\"cky-audit-table-element\"><\/div>&nbsp;<h2 style=\"margin-bottom: 20px\">G\u00e9rer les pr\u00e9f\u00e9rences en mati\u00e8re de cookies<\/h2><a class=\"cky-banner-element\">Pr\u00e9f\u00e9rences en mati\u00e8re de consentement<\/a><br \/>\n<div>\n  <p>Vous pouvez modifier vos param\u00e8tres en mati\u00e8re de cookies \u00e0 tout moment en cliquant sur le bouton \"Consent Preferences\" (pr\u00e9f\u00e9rences en mati\u00e8re de consentement) en haut de la page. Cela vous permettra de revenir sur la banni\u00e8re de consentement aux cookies et de mettre \u00e0 jour vos pr\u00e9f\u00e9rences ou de retirer votre consentement imm\u00e9diatement.<\/p>\n  <p>Les diff\u00e9rents navigateurs proposent \u00e9galement diverses m\u00e9thodes pour bloquer et supprimer les cookies utilis\u00e9s par les sites web. Vous pouvez modifier les param\u00e8tres de votre navigateur pour bloquer ou supprimer les cookies. Vous trouverez ci-dessous des liens vers des documents d'aide sur la gestion et la suppression des cookies dans les principaux navigateurs web.<\/p>\n  <p>Chrome : <a target=\"_blank\" rel=\"noopener noreferrer\" href=\"https:\/\/support.google.com\/accounts\/answer\/32050\">https:\/\/support.google.com\/accounts\/answer\/32050<\/a><\/p>\n  <p>Safari : <a target=\"_blank\" rel=\"noopener noreferrer\" href=\"https:\/\/support.apple.com\/en-in\/guide\/safari\/sfri11471\/mac\">https:\/\/support.apple.com\/en-in\/guide\/safari\/sfri11471\/mac<\/a><\/p>\n  <p>Firefox : <a target=\"_blank\" rel=\"noopener noreferrer\" href=\"https:\/\/support.mozilla.org\/en-US\/kb\/clear-cookies-and-site-data-firefox?redirectslug=delete-cookies-remove-info-websites-stored&redirectlocale=en-US\">https:\/\/support.mozilla.org\/en-US\/kb\/clear-cookies-and-site-data-firefox?redirectslug=delete-cookies-remove-info-websites-stored&redirectlocale=en-US<\/a><\/p>\n  <p>Internet Explorer : <a target=\"_blank\" rel=\"noopener noreferrer\" href=\"https:\/\/support.microsoft.com\/en-us\/topic\/how-to-delete-cookie-files-in-internet-explorer-bca9446f-d873-78de-77ba-d42645fa52fc\">https:\/\/support.microsoft.com\/en-us\/topic\/how-to-delete-cookie-files-in-internet-explorer-bca9446f-d873-78de-77ba-d42645fa52fc<\/a><\/p>\n  <p>Si vous utilisez un autre navigateur web, veuillez consulter la documentation d'aide officielle de ce navigateur.<\/p>\n<\/div>&nbsp;<p class=\"cookie-policy-p\"> CookieYes a g\u00e9n\u00e9r\u00e9 cette politique de <a target=\"_blank\" rel=\"noopener noreferrer\" href=\"https:\/\/www.cookieyes.com\/?utm_source=CP&utm_medium=footer&utm_campaign=UW\">cookies - g\u00e9n\u00e9rateur de politique en mati\u00e8re de cookies<\/a><\/p>\n<!-- End CookieYes cookie policy -->\t\t\t\t<\/div>\n\t\t\t\t<\/div>\n\t\t\t\t\t<\/div>\n\t\t\t\t<\/div>\n\t\t\t\t<\/div>","protected":false},"excerpt":{"rendered":"<p>Pol\u00edtica de cookies Fecha de entrada en vigor: December 02, 2025 \u00daltima actualizaci\u00f3n: December 02, 2025 &nbsp; \u00bfQu\u00e9 son las [&hellip;]<\/p>\n","protected":false},"author":1,"featured_media":0,"parent":0,"menu_order":0,"comment_status":"closed","ping_status":"closed","template":"","meta":{"site-sidebar-layout":"default","site-content-layout":"","ast-site-content-layout":"default","site-content-style":"default","site-sidebar-style":"default","ast-global-header-display":"","ast-banner-title-visibility":"","ast-main-header-display":"","ast-hfb-above-header-display":"","ast-hfb-below-header-display":"","ast-hfb-mobile-header-display":"","site-post-title":"","ast-breadcrumbs-content":"","ast-featured-img":"","footer-sml-layout":"","ast-disable-related-posts":"","theme-transparent-header-meta":"","adv-header-id-meta":"","stick-header-meta":"","header-above-stick-meta":"","header-main-stick-meta":"","header-below-stick-meta":"","astra-migrate-meta-layouts":"default","ast-page-background-enabled":"default","ast-page-background-meta":{"desktop":{"background-color":"var(--ast-global-color-4)","background-image":"","background-repeat":"repeat","background-position":"center center","background-size":"auto","background-attachment":"scroll","background-type":"","background-media":"","overlay-type":"","overlay-color":"","overlay-opacity":"","overlay-gradient":""},"tablet":{"background-color":"","background-image":"","background-repeat":"repeat","background-position":"center center","background-size":"auto","background-attachment":"scroll","background-type":"","background-media":"","overlay-type":"","overlay-color":"","overlay-opacity":"","overlay-gradient":""},"mobile":{"background-color":"","background-image":"","background-repeat":"repeat","background-position":"center center","background-size":"auto","background-attachment":"scroll","background-type":"","background-media":"","overlay-type":"","overlay-color":"","overlay-opacity":"","overlay-gradient":""}},"ast-content-background-meta":{"desktop":{"background-color":"var(--ast-global-color-5)","background-image":"","background-repeat":"repeat","background-position":"center center","background-size":"auto","background-attachment":"scroll","background-type":"","background-media":"","overlay-type":"","overlay-color":"","overlay-opacity":"","overlay-gradient":""},"tablet":{"background-color":"var(--ast-global-color-5)","background-image":"","background-repeat":"repeat","background-position":"center center","background-size":"auto","background-attachment":"scroll","background-type":"","background-media":"","overlay-type":"","overlay-color":"","overlay-opacity":"","overlay-gradient":""},"mobile":{"background-color":"var(--ast-global-color-5)","background-image":"","background-repeat":"repeat","background-position":"center center","background-size":"auto","background-attachment":"scroll","background-type":"","background-media":"","overlay-type":"","overlay-color":"","overlay-opacity":"","overlay-gradient":""}},"footnotes":""},"class_list":["post-6123","page","type-page","status-publish","hentry"],"yoast_head":"<!-- This site is optimized with the Yoast SEO plugin v27.5 - https:\/\/yoast.com\/product\/yoast-seo-wordpress\/ -->\n<title>Cookie Policy (EU) - Lean Hotel System<\/title>\n<meta name=\"robots\" content=\"index, follow, max-snippet:-1, max-image-preview:large, max-video-preview:-1\" \/>\n<link rel=\"canonical\" href=\"https:\/\/leanhotelsystem.com\/fr\/politique-en-matiere-de-cookies-de-lue\/\" \/>\n<meta property=\"og:locale\" content=\"fr_FR\" \/>\n<meta property=\"og:type\" content=\"article\" \/>\n<meta property=\"og:title\" content=\"Cookie Policy (EU) - Lean Hotel System\" \/>\n<meta property=\"og:description\" content=\"Pol\u00edtica de cookies Fecha de entrada en vigor: December 02, 2025 \u00daltima actualizaci\u00f3n: December 02, 2025 &nbsp; \u00bfQu\u00e9 son las [&hellip;]\" \/>\n<meta property=\"og:url\" content=\"https:\/\/leanhotelsystem.com\/fr\/politique-en-matiere-de-cookies-de-lue\/\" \/>\n<meta property=\"og:site_name\" content=\"Lean Hotel System\" \/>\n<meta property=\"article:modified_time\" content=\"2025-12-02T11:33:27+00:00\" \/>\n<meta name=\"twitter:card\" content=\"summary_large_image\" \/>\n<meta name=\"twitter:label1\" content=\"Dur\u00e9e de lecture estim\u00e9e\" \/>\n\t<meta name=\"twitter:data1\" content=\"2 minutes\" \/>\n<script type=\"application\/ld+json\" class=\"yoast-schema-graph\">{\"@context\":\"https:\\\/\\\/schema.org\",\"@graph\":[{\"@type\":\"WebPage\",\"@id\":\"https:\\\/\\\/leanhotelsystem.com\\\/fr\\\/cookie-policy-eu\\\/\",\"url\":\"https:\\\/\\\/leanhotelsystem.com\\\/fr\\\/cookie-policy-eu\\\/\",\"name\":\"Cookie Policy (EU) - Lean Hotel System\",\"isPartOf\":{\"@id\":\"https:\\\/\\\/leanhotelsystem.com\\\/fr\\\/#website\"},\"datePublished\":\"2024-08-09T10:29:58+00:00\",\"dateModified\":\"2025-12-02T11:33:27+00:00\",\"breadcrumb\":{\"@id\":\"https:\\\/\\\/leanhotelsystem.com\\\/fr\\\/cookie-policy-eu\\\/#breadcrumb\"},\"inLanguage\":\"fr-FR\",\"potentialAction\":[{\"@type\":\"ReadAction\",\"target\":[\"https:\\\/\\\/leanhotelsystem.com\\\/fr\\\/cookie-policy-eu\\\/\"]}]},{\"@type\":\"BreadcrumbList\",\"@id\":\"https:\\\/\\\/leanhotelsystem.com\\\/fr\\\/cookie-policy-eu\\\/#breadcrumb\",\"itemListElement\":[{\"@type\":\"ListItem\",\"position\":1,\"name\":\"Software de gestion hotelera\",\"item\":\"https:\\\/\\\/leanhotelsystem.com\\\/fr\\\/\"},{\"@type\":\"ListItem\",\"position\":2,\"name\":\"Cookie Policy (EU)\"}]},{\"@type\":\"WebSite\",\"@id\":\"https:\\\/\\\/leanhotelsystem.com\\\/fr\\\/#website\",\"url\":\"https:\\\/\\\/leanhotelsystem.com\\\/fr\\\/\",\"name\":\"PMS Hotelero - Lean Hotel System\",\"description\":\"No training required - Lean Design - Increase productivity\",\"publisher\":{\"@id\":\"https:\\\/\\\/leanhotelsystem.com\\\/fr\\\/#organization\"},\"alternateName\":\"Lean Hotel System\",\"potentialAction\":[{\"@type\":\"SearchAction\",\"target\":{\"@type\":\"EntryPoint\",\"urlTemplate\":\"https:\\\/\\\/leanhotelsystem.com\\\/fr\\\/?s={search_term_string}\"},\"query-input\":{\"@type\":\"PropertyValueSpecification\",\"valueRequired\":true,\"valueName\":\"search_term_string\"}}],\"inLanguage\":\"fr-FR\"},{\"@type\":\"Organization\",\"@id\":\"https:\\\/\\\/leanhotelsystem.com\\\/fr\\\/#organization\",\"name\":\"Lean Hotel System\",\"url\":\"https:\\\/\\\/leanhotelsystem.com\\\/fr\\\/\",\"logo\":{\"@type\":\"ImageObject\",\"inLanguage\":\"fr-FR\",\"@id\":\"https:\\\/\\\/leanhotelsystem.com\\\/fr\\\/#\\\/schema\\\/logo\\\/image\\\/\",\"url\":\"https:\\\/\\\/leanhotelsystem.com\\\/wp-content\\\/uploads\\\/2026\\\/04\\\/cropped-cropped-LEAN-MENU-LOGO-BIG.webp\",\"contentUrl\":\"https:\\\/\\\/leanhotelsystem.com\\\/wp-content\\\/uploads\\\/2026\\\/04\\\/cropped-cropped-LEAN-MENU-LOGO-BIG.webp\",\"width\":399,\"height\":133,\"caption\":\"Lean Hotel System\"},\"image\":{\"@id\":\"https:\\\/\\\/leanhotelsystem.com\\\/fr\\\/#\\\/schema\\\/logo\\\/image\\\/\"}}]}<\/script>\n<!-- \/ Yoast SEO plugin. -->","yoast_head_json":{"title":"Politique en mati\u00e8re de cookies (UE) - Lean Hotel System","robots":{"index":"index","follow":"follow","max-snippet":"max-snippet:-1","max-image-preview":"max-image-preview:large","max-video-preview":"max-video-preview:-1"},"canonical":"https:\/\/leanhotelsystem.com\/fr\/politique-en-matiere-de-cookies-de-lue\/","og_locale":"fr_FR","og_type":"article","og_title":"Cookie Policy (EU) - Lean Hotel System","og_description":"Pol\u00edtica de cookies Fecha de entrada en vigor: December 02, 2025 \u00daltima actualizaci\u00f3n: December 02, 2025 &nbsp; \u00bfQu\u00e9 son las [&hellip;]","og_url":"https:\/\/leanhotelsystem.com\/fr\/politique-en-matiere-de-cookies-de-lue\/","og_site_name":"Lean Hotel System","article_modified_time":"2025-12-02T11:33:27+00:00","twitter_card":"summary_large_image","twitter_misc":{"Dur\u00e9e de lecture estim\u00e9e":"2 minutes"},"schema":{"@context":"https:\/\/schema.org","@graph":[{"@type":"WebPage","@id":"https:\/\/leanhotelsystem.com\/fr\/cookie-policy-eu\/","url":"https:\/\/leanhotelsystem.com\/fr\/cookie-policy-eu\/","name":"Politique en mati\u00e8re de cookies (UE) - Lean Hotel System","isPartOf":{"@id":"https:\/\/leanhotelsystem.com\/fr\/#website"},"datePublished":"2024-08-09T10:29:58+00:00","dateModified":"2025-12-02T11:33:27+00:00","breadcrumb":{"@id":"https:\/\/leanhotelsystem.com\/fr\/cookie-policy-eu\/#breadcrumb"},"inLanguage":"fr-FR","potentialAction":[{"@type":"ReadAction","target":["https:\/\/leanhotelsystem.com\/fr\/cookie-policy-eu\/"]}]},{"@type":"BreadcrumbList","@id":"https:\/\/leanhotelsystem.com\/fr\/cookie-policy-eu\/#breadcrumb","itemListElement":[{"@type":"ListItem","position":1,"name":"Software de gestion hotelera","item":"https:\/\/leanhotelsystem.com\/fr\/"},{"@type":"ListItem","position":2,"name":"Cookie Policy (EU)"}]},{"@type":"WebSite","@id":"https:\/\/leanhotelsystem.com\/fr\/#website","url":"https:\/\/leanhotelsystem.com\/fr\/","name":"Hotel PMS - Lean Hotel System","description":"Aucune formation n'est requise - Conception all\u00e9g\u00e9e - Augmentation de la productivit\u00e9","publisher":{"@id":"https:\/\/leanhotelsystem.com\/fr\/#organization"},"alternateName":"Lean Hotel System","potentialAction":[{"@type":"SearchAction","target":{"@type":"EntryPoint","urlTemplate":"https:\/\/leanhotelsystem.com\/fr\/?s={search_term_string}"},"query-input":{"@type":"PropertyValueSpecification","valueRequired":true,"valueName":"search_term_string"}}],"inLanguage":"fr-FR"},{"@type":"Organization","@id":"https:\/\/leanhotelsystem.com\/fr\/#organization","name":"Syst\u00e8me h\u00f4telier all\u00e9g\u00e9","url":"https:\/\/leanhotelsystem.com\/fr\/","logo":{"@type":"ImageObject","inLanguage":"fr-FR","@id":"https:\/\/leanhotelsystem.com\/fr\/#\/schema\/logo\/image\/","url":"https:\/\/leanhotelsystem.com\/wp-content\/uploads\/2026\/04\/cropped-cropped-LEAN-MENU-LOGO-BIG.webp","contentUrl":"https:\/\/leanhotelsystem.com\/wp-content\/uploads\/2026\/04\/cropped-cropped-LEAN-MENU-LOGO-BIG.webp","width":399,"height":133,"caption":"Lean Hotel System"},"image":{"@id":"https:\/\/leanhotelsystem.com\/fr\/#\/schema\/logo\/image\/"}}]}},"rttpg_featured_image_url":null,"rttpg_author":{"display_name":"Fabio Design","author_link":"https:\/\/leanhotelsystem.com\/fr\/author\/user\/"},"rttpg_comment":0,"rttpg_category":null,"rttpg_excerpt":"Pol\u00edtica de cookies Fecha de entrada en vigor: December 02, 2025 \u00daltima actualizaci\u00f3n: December 02, 2025 &nbsp; \u00bfQu\u00e9 son las [&hellip;]","_links":{"self":[{"href":"https:\/\/leanhotelsystem.com\/fr\/wp-json\/wp\/v2\/pages\/6123","targetHints":{"allow":["GET"]}}],"collection":[{"href":"https:\/\/leanhotelsystem.com\/fr\/wp-json\/wp\/v2\/pages"}],"about":[{"href":"https:\/\/leanhotelsystem.com\/fr\/wp-json\/wp\/v2\/types\/page"}],"author":[{"embeddable":true,"href":"https:\/\/leanhotelsystem.com\/fr\/wp-json\/wp\/v2\/users\/1"}],"replies":[{"embeddable":true,"href":"https:\/\/leanhotelsystem.com\/fr\/wp-json\/wp\/v2\/comments?post=6123"}],"version-history":[{"count":11,"href":"https:\/\/leanhotelsystem.com\/fr\/wp-json\/wp\/v2\/pages\/6123\/revisions"}],"predecessor-version":[{"id":10055,"href":"https:\/\/leanhotelsystem.com\/fr\/wp-json\/wp\/v2\/pages\/6123\/revisions\/10055"}],"wp:attachment":[{"href":"https:\/\/leanhotelsystem.com\/fr\/wp-json\/wp\/v2\/media?parent=6123"}],"curies":[{"name":"wp","href":"https:\/\/api.w.org\/{rel}","templated":true}]}}