{"id":6784,"date":"2024-10-08T09:28:45","date_gmt":"2024-10-08T09:28:45","guid":{"rendered":"https:\/\/leanhotelsystem.com\/?page_id=6784"},"modified":"2025-06-02T16:34:35","modified_gmt":"2025-06-02T16:34:35","slug":"a-propos-de-nous","status":"publish","type":"page","link":"https:\/\/leanhotelsystem.com\/fr\/sobre-nosotros\/","title":{"rendered":"A propos de nous"},"content":{"rendered":"<div data-elementor-type=\"wp-page\" data-elementor-id=\"6784\" class=\"elementor elementor-6784\" data-elementor-post-type=\"page\">\n\t\t\t\t<div class=\"elementor-element elementor-element-e468c44 e-flex e-con-boxed e-con e-parent\" data-id=\"e468c44\" data-element_type=\"container\" data-e-type=\"container\" data-settings=\"{&quot;background_background&quot;:&quot;classic&quot;,&quot;shape_divider_bottom&quot;:&quot;waves&quot;}\">\n\t\t\t\t\t<div class=\"e-con-inner\">\n\t\t\t\t<div class=\"elementor-shape elementor-shape-bottom\" aria-hidden=\"true\" data-negative=\"false\">\n\t\t\t<svg xmlns=\"http:\/\/www.w3.org\/2000\/svg\" viewbox=\"0 0 1000 100\" preserveaspectratio=\"none\">\n\t<path class=\"elementor-shape-fill\" d=\"M421.9,6.5c22.6-2.5,51.5,0.4,75.5,5.3c23.6,4.9,70.9,23.5,100.5,35.7c75.8,32.2,133.7,44.5,192.6,49.7\tc23.6,2.1,48.7,3.5,103.4-2.5c54.7-6,106.2-25.6,106.2-25.6V0H0v30.3c0,0,72,32.6,158.4,30.5c39.2-0.7,92.8-6.7,134-22.4\tc21.2-8.1,52.2-18.2,79.7-24.2C399.3,7.9,411.6,7.5,421.9,6.5z\"\/>\n<\/svg>\t\t<\/div>\n\t\t<div class=\"elementor-element elementor-element-8808a9f e-con-full e-flex e-con e-child\" data-id=\"8808a9f\" data-element_type=\"container\" data-e-type=\"container\">\n\t\t\t\t<div class=\"elementor-element elementor-element-19c0caf elementor-widget elementor-widget-spacer\" data-id=\"19c0caf\" data-element_type=\"widget\" data-e-type=\"widget\" data-widget_type=\"spacer.default\">\n\t\t\t\t<div class=\"elementor-widget-container\">\n\t\t\t\t\t\t\t<div class=\"elementor-spacer\">\n\t\t\t<div class=\"elementor-spacer-inner\"><\/div>\n\t\t<\/div>\n\t\t\t\t\t\t<\/div>\n\t\t\t\t<\/div>\n\t\t\t\t<div class=\"elementor-element elementor-element-ebc17ee elementor-widget elementor-widget-image\" data-id=\"ebc17ee\" data-element_type=\"widget\" data-e-type=\"widget\" data-widget_type=\"image.default\">\n\t\t\t\t<div class=\"elementor-widget-container\">\n\t\t\t\t\t\t\t\t\t\t\t\t\t\t\t<img decoding=\"async\" width=\"128\" height=\"128\" src=\"https:\/\/leanhotelsystem.com\/wp-content\/uploads\/2024\/10\/team_icon.webp\" class=\"attachment-large size-large wp-image-6989\" alt=\"\" srcset=\"https:\/\/leanhotelsystem.com\/wp-content\/uploads\/2024\/10\/team_icon.webp 128w, https:\/\/leanhotelsystem.com\/wp-content\/uploads\/2024\/10\/team_icon-12x12.webp 12w\" sizes=\"(max-width: 128px) 100vw, 128px\" \/>\t\t\t\t\t\t\t\t\t\t\t\t\t\t\t<\/div>\n\t\t\t\t<\/div>\n\t\t\t\t<\/div>\n\t\t<div class=\"elementor-element elementor-element-c79d426 e-con-full e-flex e-con e-child\" data-id=\"c79d426\" data-element_type=\"container\" data-e-type=\"container\">\n\t\t\t\t<div class=\"elementor-element elementor-element-0972de4 elementor-hidden-tablet elementor-hidden-mobile elementor-widget elementor-widget-spacer\" data-id=\"0972de4\" data-element_type=\"widget\" data-e-type=\"widget\" data-widget_type=\"spacer.default\">\n\t\t\t\t<div class=\"elementor-widget-container\">\n\t\t\t\t\t\t\t<div class=\"elementor-spacer\">\n\t\t\t<div class=\"elementor-spacer-inner\"><\/div>\n\t\t<\/div>\n\t\t\t\t\t\t<\/div>\n\t\t\t\t<\/div>\n\t\t\t\t<div class=\"elementor-element elementor-element-d7750e3 elementor-widget elementor-widget-heading\" data-id=\"d7750e3\" data-element_type=\"widget\" data-e-type=\"widget\" data-widget_type=\"heading.default\">\n\t\t\t\t<div class=\"elementor-widget-container\">\n\t\t\t\t\t<h3 class=\"elementor-heading-title elementor-size-default\">Bienvenue \u00e0 Lean Hotel System<\/h3>\t\t\t\t<\/div>\n\t\t\t\t<\/div>\n\t\t\t\t<div class=\"elementor-element elementor-element-a9914ce elementor-widget elementor-widget-heading\" data-id=\"a9914ce\" data-element_type=\"widget\" data-e-type=\"widget\" data-widget_type=\"heading.default\">\n\t\t\t\t<div class=\"elementor-widget-container\">\n\t\t\t\t\t<h2 class=\"elementor-heading-title elementor-size-default\">A propos de nous<\/h2>\t\t\t\t<\/div>\n\t\t\t\t<\/div>\n\t\t\t\t<div class=\"elementor-element elementor-element-99bff3c elementor-widget elementor-widget-spacer\" data-id=\"99bff3c\" data-element_type=\"widget\" data-e-type=\"widget\" data-widget_type=\"spacer.default\">\n\t\t\t\t<div class=\"elementor-widget-container\">\n\t\t\t\t\t\t\t<div class=\"elementor-spacer\">\n\t\t\t<div class=\"elementor-spacer-inner\"><\/div>\n\t\t<\/div>\n\t\t\t\t\t\t<\/div>\n\t\t\t\t<\/div>\n\t\t\t\t<\/div>\n\t\t\t\t\t<\/div>\n\t\t\t\t<\/div>\n\t\t<div class=\"elementor-element elementor-element-b6daebf e-flex e-con-boxed e-con e-parent\" data-id=\"b6daebf\" data-element_type=\"container\" data-e-type=\"container\">\n\t\t\t\t\t<div class=\"e-con-inner\">\n\t\t\t\t<div class=\"elementor-element elementor-element-4a11234 elementor-widget elementor-widget-spacer\" data-id=\"4a11234\" data-element_type=\"widget\" data-e-type=\"widget\" data-widget_type=\"spacer.default\">\n\t\t\t\t<div class=\"elementor-widget-container\">\n\t\t\t\t\t\t\t<div class=\"elementor-spacer\">\n\t\t\t<div class=\"elementor-spacer-inner\"><\/div>\n\t\t<\/div>\n\t\t\t\t\t\t<\/div>\n\t\t\t\t<\/div>\n\t\t\t\t<div class=\"elementor-element elementor-element-dedda27 elementor-widget elementor-widget-text-editor\" data-id=\"dedda27\" data-element_type=\"widget\" data-e-type=\"widget\" data-widget_type=\"text-editor.default\">\n\t\t\t\t<div class=\"elementor-widget-container\">\n\t\t\t\t\t\t\t\t\t<p>Chez LEAN, nous avons pour mission de r\u00e9volutionner la gestion h\u00f4teli\u00e8re gr\u00e2ce \u00e0 des solutions technologiques innovantes. Notre histoire a commenc\u00e9 en 2013 \u00e0 Gran Canaria, lorsque notre fondateur et PDG, Alfredo Chiaramonte, a identifi\u00e9 une opportunit\u00e9 d'optimiser le secteur de la location de voitures apr\u00e8s une carri\u00e8re distingu\u00e9e dans cette industrie. LEAN Car System est n\u00e9, avec le d\u00e9veloppement d'un logiciel pionnier con\u00e7u pour am\u00e9liorer les op\u00e9rations des soci\u00e9t\u00e9s de location de voitures, y compris la mise en \u0153uvre de kiosques (POK) qui rationalisent le processus aux heures de pointe.<\/p>\t\t\t\t\t\t\t\t<\/div>\n\t\t\t\t<\/div>\n\t\t\t\t\t<\/div>\n\t\t\t\t<\/div>\n\t\t<div class=\"elementor-element elementor-element-f41ffee e-flex e-con-boxed e-con e-parent\" data-id=\"f41ffee\" data-element_type=\"container\" data-e-type=\"container\">\n\t\t\t\t\t<div class=\"e-con-inner\">\n\t\t\t\t<div class=\"elementor-element elementor-element-f1c1616 elementor-widget elementor-widget-image\" data-id=\"f1c1616\" data-element_type=\"widget\" data-e-type=\"widget\" data-widget_type=\"image.default\">\n\t\t\t\t<div class=\"elementor-widget-container\">\n\t\t\t\t\t\t\t\t\t\t\t\t\t\t\t<img decoding=\"async\" src=\"https:\/\/leanhotelsystem.com\/wp-content\/uploads\/2024\/10\/team.webp\" title=\"\u00e9quipe\" alt=\"\u00e9quipe\" loading=\"lazy\" \/>\t\t\t\t\t\t\t\t\t\t\t\t\t\t\t<\/div>\n\t\t\t\t<\/div>\n\t\t\t\t\t<\/div>\n\t\t\t\t<\/div>\n\t\t<div class=\"elementor-element elementor-element-522a982 e-flex e-con-boxed e-con e-parent\" data-id=\"522a982\" data-element_type=\"container\" data-e-type=\"container\">\n\t\t\t\t\t<div class=\"e-con-inner\">\n\t\t\t\t<div class=\"elementor-element elementor-element-1610054 elementor-widget elementor-widget-spacer\" data-id=\"1610054\" data-element_type=\"widget\" data-e-type=\"widget\" data-widget_type=\"spacer.default\">\n\t\t\t\t<div class=\"elementor-widget-container\">\n\t\t\t\t\t\t\t<div class=\"elementor-spacer\">\n\t\t\t<div class=\"elementor-spacer-inner\"><\/div>\n\t\t<\/div>\n\t\t\t\t\t\t<\/div>\n\t\t\t\t<\/div>\n\t\t\t\t<div class=\"elementor-element elementor-element-16e6003 elementor-widget elementor-widget-text-editor\" data-id=\"16e6003\" data-element_type=\"widget\" data-e-type=\"widget\" data-widget_type=\"text-editor.default\">\n\t\t\t\t<div class=\"elementor-widget-container\">\n\t\t\t\t\t\t\t\t\t<p>Au fur et \u00e0 mesure de la croissance de l'entreprise, Alfredo a transf\u00e9r\u00e9 son exp\u00e9rience \u00e0 l'industrie h\u00f4teli\u00e8re, \u00e9voluant vers le d\u00e9veloppement d'un logiciel sp\u00e9cialis\u00e9 de gestion des r\u00e9servations h\u00f4teli\u00e8res, LEAN Hotel System. Ce changement strat\u00e9gique a marqu\u00e9 le d\u00e9but d'une croissance r\u00e9guli\u00e8re, consolidant notre position de r\u00e9f\u00e9rence dans le secteur. Notre mission est claire : transformer l'industrie h\u00f4teli\u00e8re gr\u00e2ce \u00e0 des solutions en nuage qui optimisent les processus op\u00e9rationnels et am\u00e9liorent l'exp\u00e9rience des h\u00f4teliers et de leurs clients.<\/p>\t\t\t\t\t\t\t\t<\/div>\n\t\t\t\t<\/div>\n\t\t\t\t<div class=\"elementor-element elementor-element-f1c6503 elementor-widget elementor-widget-text-editor\" data-id=\"f1c6503\" data-element_type=\"widget\" data-e-type=\"widget\" data-widget_type=\"text-editor.default\">\n\t\t\t\t<div class=\"elementor-widget-container\">\n\t\t\t\t\t\t\t\t\t<p>Aujourd'hui, LEAN Hotel System - PMS fait partie du groupe Zucchetti, l'une des principales entreprises mondiales de solutions h\u00f4teli\u00e8res. Nous sommes pr\u00e9sents dans plus de 14 pays, offrant une technologie avanc\u00e9e \u00e0 des centaines d'h\u00f4tels de diff\u00e9rentes cat\u00e9gories. Notre \u00e9quipe de plus de 30 professionnels est engag\u00e9e dans l'innovation, le service \u00e0 la client\u00e8le et l'excellence.<\/p>\t\t\t\t\t\t\t\t<\/div>\n\t\t\t\t<\/div>\n\t\t\t\t\t<\/div>\n\t\t\t\t<\/div>\n\t\t<div class=\"elementor-element elementor-element-27b5d59 e-flex e-con-boxed e-con e-parent\" data-id=\"27b5d59\" data-element_type=\"container\" data-e-type=\"container\">\n\t\t\t\t\t<div class=\"e-con-inner\">\n\t\t\t\t<div class=\"elementor-element elementor-element-c2cf7d5 elementor-widget elementor-widget-image\" data-id=\"c2cf7d5\" data-element_type=\"widget\" data-e-type=\"widget\" data-widget_type=\"image.default\">\n\t\t\t\t<div class=\"elementor-widget-container\">\n\t\t\t\t\t\t\t\t\t\t\t\t\t\t\t<img decoding=\"async\" src=\"https:\/\/leanhotelsystem.com\/wp-content\/uploads\/2024\/08\/IMG_3862.webp\" title=\"PMS LEAN\" alt=\"PMS LEAN\" loading=\"lazy\" \/>\t\t\t\t\t\t\t\t\t\t\t\t\t\t\t<\/div>\n\t\t\t\t<\/div>\n\t\t\t\t\t<\/div>\n\t\t\t\t<\/div>\n\t\t<div class=\"elementor-element elementor-element-db7abe5 e-flex e-con-boxed e-con e-parent\" data-id=\"db7abe5\" data-element_type=\"container\" data-e-type=\"container\">\n\t\t\t\t\t<div class=\"e-con-inner\">\n\t\t\t\t<div class=\"elementor-element elementor-element-18ca2ba elementor-widget elementor-widget-text-editor\" data-id=\"18ca2ba\" data-element_type=\"widget\" data-e-type=\"widget\" data-widget_type=\"text-editor.default\">\n\t\t\t\t<div class=\"elementor-widget-container\">\n\t\t\t\t\t\t\t\t\t<p>Chez LEAN, nous croyons fermement au pouvoir de la technologie pour am\u00e9liorer l'efficacit\u00e9 et la rentabilit\u00e9 des h\u00f4tels. Nous nous effor\u00e7ons de cr\u00e9er des solutions qui s'adaptent aux besoins changeants du march\u00e9, toujours avec la vision de construire l'avenir de l'h\u00f4tellerie.<\/p><p>Merci de nous faire confiance - ensemble, nous transformons l'industrie h\u00f4teli\u00e8re !<\/p><p><!-- notionvc: a06d1fe2-a88a-4dea-aad7-21678057966b --><br \/><!-- notionvc: 12d7cc8e-df06-4fe6-b51f-1c68bb808ee6 --><\/p>\t\t\t\t\t\t\t\t<\/div>\n\t\t\t\t<\/div>\n\t\t\t\t\t<\/div>\n\t\t\t\t<\/div>\n\t\t\t\t<\/div>","protected":false},"excerpt":{"rendered":"<p>Bienvenidos a Lean Hotel System Sobre nosotros En LEAN, nos dedicamos a revolucionar la gesti\u00f3n hotelera a trav\u00e9s de soluciones [&hellip;]<\/p>\n","protected":false},"author":1,"featured_media":0,"parent":0,"menu_order":0,"comment_status":"closed","ping_status":"closed","template":"elementor_header_footer","meta":{"site-sidebar-layout":"no-sidebar","site-content-layout":"","ast-site-content-layout":"full-width-container","site-content-style":"default","site-sidebar-style":"default","ast-global-header-display":"","ast-banner-title-visibility":"","ast-main-header-display":"","ast-hfb-above-header-display":"","ast-hfb-below-header-display":"","ast-hfb-mobile-header-display":"","site-post-title":"disabled","ast-breadcrumbs-content":"","ast-featured-img":"disabled","footer-sml-layout":"","ast-disable-related-posts":"","theme-transparent-header-meta":"","adv-header-id-meta":"","stick-header-meta":"","header-above-stick-meta":"","header-main-stick-meta":"","header-below-stick-meta":"","astra-migrate-meta-layouts":"default","ast-page-background-enabled":"default","ast-page-background-meta":{"desktop":{"background-color":"var(--ast-global-color-4)","background-image":"","background-repeat":"repeat","background-position":"center center","background-size":"auto","background-attachment":"scroll","background-type":"","background-media":"","overlay-type":"","overlay-color":"","overlay-opacity":"","overlay-gradient":""},"tablet":{"background-color":"","background-image":"","background-repeat":"repeat","background-position":"center center","background-size":"auto","background-attachment":"scroll","background-type":"","background-media":"","overlay-type":"","overlay-color":"","overlay-opacity":"","overlay-gradient":""},"mobile":{"background-color":"","background-image":"","background-repeat":"repeat","background-position":"center center","background-size":"auto","background-attachment":"scroll","background-type":"","background-media":"","overlay-type":"","overlay-color":"","overlay-opacity":"","overlay-gradient":""}},"ast-content-background-meta":{"desktop":{"background-color":"var(--ast-global-color-5)","background-image":"","background-repeat":"repeat","background-position":"center center","background-size":"auto","background-attachment":"scroll","background-type":"","background-media":"","overlay-type":"","overlay-color":"","overlay-opacity":"","overlay-gradient":""},"tablet":{"background-color":"var(--ast-global-color-5)","background-image":"","background-repeat":"repeat","background-position":"center center","background-size":"auto","background-attachment":"scroll","background-type":"","background-media":"","overlay-type":"","overlay-color":"","overlay-opacity":"","overlay-gradient":""},"mobile":{"background-color":"var(--ast-global-color-5)","background-image":"","background-repeat":"repeat","background-position":"center center","background-size":"auto","background-attachment":"scroll","background-type":"","background-media":"","overlay-type":"","overlay-color":"","overlay-opacity":"","overlay-gradient":""}},"footnotes":""},"class_list":["post-6784","page","type-page","status-publish","hentry"],"yoast_head":"<!-- This site is optimized with the Yoast SEO plugin v27.5 - https:\/\/yoast.com\/product\/yoast-seo-wordpress\/ -->\n<title>Sobre nosotros - Lean Hotel System<\/title>\n<meta name=\"robots\" content=\"index, follow, max-snippet:-1, max-image-preview:large, max-video-preview:-1\" \/>\n<link rel=\"canonical\" href=\"https:\/\/leanhotelsystem.com\/fr\/a-propos-de-nous\/\" \/>\n<meta property=\"og:locale\" content=\"fr_FR\" \/>\n<meta property=\"og:type\" content=\"article\" \/>\n<meta property=\"og:title\" content=\"Sobre nosotros - Lean Hotel System\" \/>\n<meta property=\"og:description\" content=\"Bienvenidos a Lean Hotel System Sobre nosotros En LEAN, nos dedicamos a revolucionar la gesti\u00f3n hotelera a trav\u00e9s de soluciones [&hellip;]\" \/>\n<meta property=\"og:url\" content=\"https:\/\/leanhotelsystem.com\/fr\/a-propos-de-nous\/\" \/>\n<meta property=\"og:site_name\" content=\"Lean Hotel System\" \/>\n<meta property=\"article:modified_time\" content=\"2025-06-02T16:34:35+00:00\" \/>\n<meta property=\"og:image\" content=\"https:\/\/leanhotelsystem.com\/wp-content\/uploads\/2024\/10\/team_icon.webp\" \/>\n<meta name=\"twitter:card\" content=\"summary_large_image\" \/>\n<meta name=\"twitter:label1\" content=\"Dur\u00e9e de lecture estim\u00e9e\" \/>\n\t<meta name=\"twitter:data1\" content=\"2 minutes\" \/>\n<script type=\"application\/ld+json\" class=\"yoast-schema-graph\">{\"@context\":\"https:\\\/\\\/schema.org\",\"@graph\":[{\"@type\":\"WebPage\",\"@id\":\"https:\\\/\\\/leanhotelsystem.com\\\/fr\\\/sobre-nosotros\\\/\",\"url\":\"https:\\\/\\\/leanhotelsystem.com\\\/fr\\\/sobre-nosotros\\\/\",\"name\":\"Sobre nosotros - Lean Hotel System\",\"isPartOf\":{\"@id\":\"https:\\\/\\\/leanhotelsystem.com\\\/fr\\\/#website\"},\"primaryImageOfPage\":{\"@id\":\"https:\\\/\\\/leanhotelsystem.com\\\/fr\\\/sobre-nosotros\\\/#primaryimage\"},\"image\":{\"@id\":\"https:\\\/\\\/leanhotelsystem.com\\\/fr\\\/sobre-nosotros\\\/#primaryimage\"},\"thumbnailUrl\":\"https:\\\/\\\/leanhotelsystem.com\\\/wp-content\\\/uploads\\\/2024\\\/10\\\/team_icon.webp\",\"datePublished\":\"2024-10-08T09:28:45+00:00\",\"dateModified\":\"2025-06-02T16:34:35+00:00\",\"breadcrumb\":{\"@id\":\"https:\\\/\\\/leanhotelsystem.com\\\/fr\\\/sobre-nosotros\\\/#breadcrumb\"},\"inLanguage\":\"fr-FR\",\"potentialAction\":[{\"@type\":\"ReadAction\",\"target\":[\"https:\\\/\\\/leanhotelsystem.com\\\/fr\\\/sobre-nosotros\\\/\"]}]},{\"@type\":\"ImageObject\",\"inLanguage\":\"fr-FR\",\"@id\":\"https:\\\/\\\/leanhotelsystem.com\\\/fr\\\/sobre-nosotros\\\/#primaryimage\",\"url\":\"https:\\\/\\\/leanhotelsystem.com\\\/wp-content\\\/uploads\\\/2024\\\/10\\\/team_icon.webp\",\"contentUrl\":\"https:\\\/\\\/leanhotelsystem.com\\\/wp-content\\\/uploads\\\/2024\\\/10\\\/team_icon.webp\"},{\"@type\":\"BreadcrumbList\",\"@id\":\"https:\\\/\\\/leanhotelsystem.com\\\/fr\\\/sobre-nosotros\\\/#breadcrumb\",\"itemListElement\":[{\"@type\":\"ListItem\",\"position\":1,\"name\":\"Software de gestion hotelera\",\"item\":\"https:\\\/\\\/leanhotelsystem.com\\\/fr\\\/\"},{\"@type\":\"ListItem\",\"position\":2,\"name\":\"Sobre nosotros\"}]},{\"@type\":\"WebSite\",\"@id\":\"https:\\\/\\\/leanhotelsystem.com\\\/fr\\\/#website\",\"url\":\"https:\\\/\\\/leanhotelsystem.com\\\/fr\\\/\",\"name\":\"PMS Hotelero - Lean Hotel System\",\"description\":\"No training required - Lean Design - Increase productivity\",\"publisher\":{\"@id\":\"https:\\\/\\\/leanhotelsystem.com\\\/fr\\\/#organization\"},\"alternateName\":\"Lean Hotel System\",\"potentialAction\":[{\"@type\":\"SearchAction\",\"target\":{\"@type\":\"EntryPoint\",\"urlTemplate\":\"https:\\\/\\\/leanhotelsystem.com\\\/fr\\\/?s={search_term_string}\"},\"query-input\":{\"@type\":\"PropertyValueSpecification\",\"valueRequired\":true,\"valueName\":\"search_term_string\"}}],\"inLanguage\":\"fr-FR\"},{\"@type\":\"Organization\",\"@id\":\"https:\\\/\\\/leanhotelsystem.com\\\/fr\\\/#organization\",\"name\":\"Lean Hotel System\",\"url\":\"https:\\\/\\\/leanhotelsystem.com\\\/fr\\\/\",\"logo\":{\"@type\":\"ImageObject\",\"inLanguage\":\"fr-FR\",\"@id\":\"https:\\\/\\\/leanhotelsystem.com\\\/fr\\\/#\\\/schema\\\/logo\\\/image\\\/\",\"url\":\"https:\\\/\\\/leanhotelsystem.com\\\/wp-content\\\/uploads\\\/2026\\\/04\\\/cropped-cropped-LEAN-MENU-LOGO-BIG.webp\",\"contentUrl\":\"https:\\\/\\\/leanhotelsystem.com\\\/wp-content\\\/uploads\\\/2026\\\/04\\\/cropped-cropped-LEAN-MENU-LOGO-BIG.webp\",\"width\":399,\"height\":133,\"caption\":\"Lean Hotel System\"},\"image\":{\"@id\":\"https:\\\/\\\/leanhotelsystem.com\\\/fr\\\/#\\\/schema\\\/logo\\\/image\\\/\"}}]}<\/script>\n<!-- \/ Yoast SEO plugin. -->","yoast_head_json":{"title":"\u00c0 propos de nous - Lean Hotel System","robots":{"index":"index","follow":"follow","max-snippet":"max-snippet:-1","max-image-preview":"max-image-preview:large","max-video-preview":"max-video-preview:-1"},"canonical":"https:\/\/leanhotelsystem.com\/fr\/a-propos-de-nous\/","og_locale":"fr_FR","og_type":"article","og_title":"Sobre nosotros - Lean Hotel System","og_description":"Bienvenidos a Lean Hotel System Sobre nosotros En LEAN, nos dedicamos a revolucionar la gesti\u00f3n hotelera a trav\u00e9s de soluciones [&hellip;]","og_url":"https:\/\/leanhotelsystem.com\/fr\/a-propos-de-nous\/","og_site_name":"Lean Hotel System","article_modified_time":"2025-06-02T16:34:35+00:00","og_image":[{"url":"https:\/\/leanhotelsystem.com\/wp-content\/uploads\/2024\/10\/team_icon.webp","type":"","width":"","height":""}],"twitter_card":"summary_large_image","twitter_misc":{"Dur\u00e9e de lecture estim\u00e9e":"2 minutes"},"schema":{"@context":"https:\/\/schema.org","@graph":[{"@type":"WebPage","@id":"https:\/\/leanhotelsystem.com\/fr\/sobre-nosotros\/","url":"https:\/\/leanhotelsystem.com\/fr\/sobre-nosotros\/","name":"\u00c0 propos de nous - Lean Hotel System","isPartOf":{"@id":"https:\/\/leanhotelsystem.com\/fr\/#website"},"primaryImageOfPage":{"@id":"https:\/\/leanhotelsystem.com\/fr\/sobre-nosotros\/#primaryimage"},"image":{"@id":"https:\/\/leanhotelsystem.com\/fr\/sobre-nosotros\/#primaryimage"},"thumbnailUrl":"https:\/\/leanhotelsystem.com\/wp-content\/uploads\/2024\/10\/team_icon.webp","datePublished":"2024-10-08T09:28:45+00:00","dateModified":"2025-06-02T16:34:35+00:00","breadcrumb":{"@id":"https:\/\/leanhotelsystem.com\/fr\/sobre-nosotros\/#breadcrumb"},"inLanguage":"fr-FR","potentialAction":[{"@type":"ReadAction","target":["https:\/\/leanhotelsystem.com\/fr\/sobre-nosotros\/"]}]},{"@type":"ImageObject","inLanguage":"fr-FR","@id":"https:\/\/leanhotelsystem.com\/fr\/sobre-nosotros\/#primaryimage","url":"https:\/\/leanhotelsystem.com\/wp-content\/uploads\/2024\/10\/team_icon.webp","contentUrl":"https:\/\/leanhotelsystem.com\/wp-content\/uploads\/2024\/10\/team_icon.webp"},{"@type":"BreadcrumbList","@id":"https:\/\/leanhotelsystem.com\/fr\/sobre-nosotros\/#breadcrumb","itemListElement":[{"@type":"ListItem","position":1,"name":"Software de gestion hotelera","item":"https:\/\/leanhotelsystem.com\/fr\/"},{"@type":"ListItem","position":2,"name":"Sobre nosotros"}]},{"@type":"WebSite","@id":"https:\/\/leanhotelsystem.com\/fr\/#website","url":"https:\/\/leanhotelsystem.com\/fr\/","name":"Hotel PMS - Lean Hotel System","description":"Aucune formation n'est requise - Conception all\u00e9g\u00e9e - Augmentation de la productivit\u00e9","publisher":{"@id":"https:\/\/leanhotelsystem.com\/fr\/#organization"},"alternateName":"Lean Hotel System","potentialAction":[{"@type":"SearchAction","target":{"@type":"EntryPoint","urlTemplate":"https:\/\/leanhotelsystem.com\/fr\/?s={search_term_string}"},"query-input":{"@type":"PropertyValueSpecification","valueRequired":true,"valueName":"search_term_string"}}],"inLanguage":"fr-FR"},{"@type":"Organization","@id":"https:\/\/leanhotelsystem.com\/fr\/#organization","name":"Syst\u00e8me h\u00f4telier all\u00e9g\u00e9","url":"https:\/\/leanhotelsystem.com\/fr\/","logo":{"@type":"ImageObject","inLanguage":"fr-FR","@id":"https:\/\/leanhotelsystem.com\/fr\/#\/schema\/logo\/image\/","url":"https:\/\/leanhotelsystem.com\/wp-content\/uploads\/2026\/04\/cropped-cropped-LEAN-MENU-LOGO-BIG.webp","contentUrl":"https:\/\/leanhotelsystem.com\/wp-content\/uploads\/2026\/04\/cropped-cropped-LEAN-MENU-LOGO-BIG.webp","width":399,"height":133,"caption":"Lean Hotel System"},"image":{"@id":"https:\/\/leanhotelsystem.com\/fr\/#\/schema\/logo\/image\/"}}]}},"rttpg_featured_image_url":null,"rttpg_author":{"display_name":"Fabio Design","author_link":"https:\/\/leanhotelsystem.com\/fr\/author\/user\/"},"rttpg_comment":0,"rttpg_category":null,"rttpg_excerpt":"Bienvenidos a Lean Hotel System Sobre nosotros En LEAN, nos dedicamos a revolucionar la gesti\u00f3n hotelera a trav\u00e9s de soluciones [&hellip;]","_links":{"self":[{"href":"https:\/\/leanhotelsystem.com\/fr\/wp-json\/wp\/v2\/pages\/6784","targetHints":{"allow":["GET"]}}],"collection":[{"href":"https:\/\/leanhotelsystem.com\/fr\/wp-json\/wp\/v2\/pages"}],"about":[{"href":"https:\/\/leanhotelsystem.com\/fr\/wp-json\/wp\/v2\/types\/page"}],"author":[{"embeddable":true,"href":"https:\/\/leanhotelsystem.com\/fr\/wp-json\/wp\/v2\/users\/1"}],"replies":[{"embeddable":true,"href":"https:\/\/leanhotelsystem.com\/fr\/wp-json\/wp\/v2\/comments?post=6784"}],"version-history":[{"count":20,"href":"https:\/\/leanhotelsystem.com\/fr\/wp-json\/wp\/v2\/pages\/6784\/revisions"}],"predecessor-version":[{"id":7081,"href":"https:\/\/leanhotelsystem.com\/fr\/wp-json\/wp\/v2\/pages\/6784\/revisions\/7081"}],"wp:attachment":[{"href":"https:\/\/leanhotelsystem.com\/fr\/wp-json\/wp\/v2\/media?parent=6784"}],"curies":[{"name":"wp","href":"https:\/\/api.w.org\/{rel}","templated":true}]}}