{"id":3310,"date":"2024-07-18T15:13:44","date_gmt":"2024-07-18T15:13:44","guid":{"rendered":"http:\/\/leanhotelsystem.com\/?page_id=3310"},"modified":"2025-06-02T16:36:10","modified_gmt":"2025-06-02T16:36:10","slug":"avviso-legale","status":"publish","type":"page","link":"https:\/\/leanhotelsystem.com\/it\/aviso-legal\/","title":{"rendered":"Avviso legale"},"content":{"rendered":"<div data-elementor-type=\"wp-page\" data-elementor-id=\"3310\" class=\"elementor elementor-3310\" data-elementor-post-type=\"page\">\n\t\t\t\t<div class=\"elementor-element elementor-element-7f8e06c e-flex e-con-boxed e-con e-parent\" data-id=\"7f8e06c\" data-element_type=\"container\" data-e-type=\"container\">\n\t\t\t\t\t<div class=\"e-con-inner\">\n\t\t\t\t<div class=\"elementor-element elementor-element-b33dbfe elementor-widget elementor-widget-spacer\" data-id=\"b33dbfe\" data-element_type=\"widget\" data-e-type=\"widget\" data-widget_type=\"spacer.default\">\n\t\t\t\t<div class=\"elementor-widget-container\">\n\t\t\t\t\t\t\t<div class=\"elementor-spacer\">\n\t\t\t<div class=\"elementor-spacer-inner\"><\/div>\n\t\t<\/div>\n\t\t\t\t\t\t<\/div>\n\t\t\t\t<\/div>\n\t\t\t\t<div class=\"elementor-element elementor-element-8d27916 elementor-widget elementor-widget-heading\" data-id=\"8d27916\" data-element_type=\"widget\" data-e-type=\"widget\" data-widget_type=\"heading.default\">\n\t\t\t\t<div class=\"elementor-widget-container\">\n\t\t\t\t\t<h1 class=\"elementor-heading-title elementor-size-default\">Avviso legale<\/h1>\t\t\t\t<\/div>\n\t\t\t\t<\/div>\n\t\t\t\t<div class=\"elementor-element elementor-element-96ee05e elementor-widget elementor-widget-spacer\" data-id=\"96ee05e\" data-element_type=\"widget\" data-e-type=\"widget\" data-widget_type=\"spacer.default\">\n\t\t\t\t<div class=\"elementor-widget-container\">\n\t\t\t\t\t\t\t<div class=\"elementor-spacer\">\n\t\t\t<div class=\"elementor-spacer-inner\"><\/div>\n\t\t<\/div>\n\t\t\t\t\t\t<\/div>\n\t\t\t\t<\/div>\n\t\t\t\t<div class=\"elementor-element elementor-element-a7d13ea elementor-widget elementor-widget-heading\" data-id=\"a7d13ea\" data-element_type=\"widget\" data-e-type=\"widget\" data-widget_type=\"heading.default\">\n\t\t\t\t<div class=\"elementor-widget-container\">\n\t\t\t\t\t<h3 class=\"elementor-heading-title elementor-size-default\">I. DATI DI IDENTIFICAZIONE<\/h3>\t\t\t\t<\/div>\n\t\t\t\t<\/div>\n\t\t\t\t<div class=\"elementor-element elementor-element-21a9a81 elementor-widget elementor-widget-text-editor\" data-id=\"21a9a81\" data-element_type=\"widget\" data-e-type=\"widget\" data-widget_type=\"text-editor.default\">\n\t\t\t\t<div class=\"elementor-widget-container\">\n\t\t\t\t\t\t\t\t\t<p>Ai sensi dell'articolo 10 della legge 34\/2002, dell'11 luglio, sui servizi della societ\u00e0 dell'informazione e del commercio elettronico, vi informiamo delle seguenti informazioni:<\/p><p>CHAPP GLOBAL, S.L.U, CIF: B-76224112, con sede legale in Parque Cient\u00edfico Tecnol\u00f3gico - Edificio Polivalente 3, P3, Oficinas 305-306, 35017 - Las Palmas de GC, Spagna, con il nome commerciale CHAPP SOLUTIONS (di seguito CHAPP SOLUTIONS). Attualmente \u00e8 responsabile del funzionamento, della gestione e dell'operativit\u00e0 del sito web: www.leanhotelsystem.com.<\/p><p>2.- Se volete contattarci, potete farlo attraverso l'email di contatto: hello@chappsolutions.com<\/p>\t\t\t\t\t\t\t\t<\/div>\n\t\t\t\t<\/div>\n\t\t\t\t<div class=\"elementor-element elementor-element-8641144 elementor-widget elementor-widget-heading\" data-id=\"8641144\" data-element_type=\"widget\" data-e-type=\"widget\" data-widget_type=\"heading.default\">\n\t\t\t\t<div class=\"elementor-widget-container\">\n\t\t\t\t\t<h3 class=\"elementor-heading-title elementor-size-default\">II. PROPRIET\u00c0 INTELLETTUALE E INDUSTRIALE<\/h3>\t\t\t\t<\/div>\n\t\t\t\t<\/div>\n\t\t\t\t<div class=\"elementor-element elementor-element-6d852d7 elementor-widget elementor-widget-text-editor\" data-id=\"6d852d7\" data-element_type=\"widget\" data-e-type=\"widget\" data-widget_type=\"text-editor.default\">\n\t\t\t\t<div class=\"elementor-widget-container\">\n\t\t\t\t\t\t\t\t\t<p>1. In generale, il contenuto, la struttura, il design e la forma di presentazione degli elementi (testo, grafica, immagini, file, loghi, combinazioni di colori e qualsiasi elemento suscettibile di protezione) sono protetti da diritti di propriet\u00e0 intellettuale o industriale, di propriet\u00e0 di CHAPP SOLUTIONS stessa o in qualit\u00e0 di cessionaria di tali diritti.<\/p><p>2. Sono vietati la riproduzione, l'elaborazione, la distribuzione, la comunicazione pubblica, la messa a disposizione del pubblico e, in generale, qualsiasi altra forma di sfruttamento, parziale o totale, degli elementi di cui al paragrafo precedente. Tali atti di sfruttamento possono essere effettuati solo previa espressa autorizzazione scritta di CHAPP SOLUTIONS e, in ogni caso, devono fare esplicito riferimento alla titolarit\u00e0 dei suddetti diritti di propriet\u00e0 intellettuale di CHAPP SOLUTIONS.<\/p><p>In questo senso, l'Utente \u00e8 autorizzato solo ed esclusivamente all'uso privato e personale del contenuto del sito web, a condizione che vengano rispettati i diritti di propriet\u00e0 intellettuale e industriale. In nessun caso l'utente potr\u00e0 rimuovere, alterare, eludere o manipolare i dispositivi di protezione o i sistemi di sicurezza eventualmente installati.<\/p><p>3. In nessun caso si deve intendere che l'accesso e la navigazione da parte dell'Utente implichino una rinuncia, un trasferimento, una licenza o una cessione totale o parziale di tali diritti da parte di CHAPP SOLUTIONS o, se del caso, dei suoi collaboratori.<\/p><p>Di conseguenza, non \u00e8 consentito rimuovere, eludere o manipolare l'avviso di copyright e qualsiasi altro dato che identifichi i diritti di CHAPP SOLUTIONS o dei suoi proprietari incorporato nel contenuto, n\u00e9 i dispositivi tecnici di protezione o qualsiasi informazione e\/o meccanismo di identificazione che possa essere incluso nel contenuto.<\/p><p>4. D'altra parte, i segni distintivi (marchi, nomi commerciali) che appaiono su questo sito web sono protetti da diritti di propriet\u00e0 industriale, essendo vietato l'uso o la manipolazione di uno qualsiasi di questi, salvo espressa autorizzazione scritta di CHAPP SOLUTIONS, o della persona fisica o giuridica proprietaria dei segni distintivi visualizzati.<\/p>\t\t\t\t\t\t\t\t<\/div>\n\t\t\t\t<\/div>\n\t\t\t\t<div class=\"elementor-element elementor-element-34e77e3 elementor-widget elementor-widget-heading\" data-id=\"34e77e3\" data-element_type=\"widget\" data-e-type=\"widget\" data-widget_type=\"heading.default\">\n\t\t\t\t<div class=\"elementor-widget-container\">\n\t\t\t\t\t<h3 class=\"elementor-heading-title elementor-size-default\">III. ESCLUSIONE DI RESPONSABILIT\u00c0 DI CHAPP SOLUTIONS<\/h3>\t\t\t\t<\/div>\n\t\t\t\t<\/div>\n\t\t\t\t<div class=\"elementor-element elementor-element-49ebf3d elementor-widget elementor-widget-text-editor\" data-id=\"49ebf3d\" data-element_type=\"widget\" data-e-type=\"widget\" data-widget_type=\"text-editor.default\">\n\t\t\t\t<div class=\"elementor-widget-container\">\n\t\t\t\t\t\t\t\t\t<p>CHAPP SOLUTIONS non sar\u00e0 responsabile, in generale, dell'uso improprio del Sito Web. Gli utenti devono fare un uso corretto del Sito Web in conformit\u00e0 con i termini e le condizioni qui stabiliti, senza che CHAPP SOLUTIONS possa essere ritenuta responsabile per un uso improprio.<\/p><p>Per quanto riguarda eventuali carenze tecniche, CHAPP SOLUTIONS non sar\u00e0 responsabile in nessun caso di eventuali interruzioni del servizio causate da guasti alla rete elettrica, alla rete di connessione dati, al server o a qualsiasi altro servizio.<\/p><p>Per quanto riguarda l'accesso da parte di terzi al proprio sistema, CHAPP SOLUTIONS adotter\u00e0 le precauzioni tecniche necessarie per proteggere i dati e le informazioni a cui si accede, ma non \u00e8 responsabile delle azioni di terzi che, in violazione delle misure di sicurezza stabilite, accedono a tali dati.<\/p><p>Per quanto riguarda l'accuratezza delle informazioni - Le informazioni contenute nel sito sono state preparate solo a scopo informativo e non hanno alcun valore ufficiale, tranne quando indicato.<\/p><p>Le informazioni e i contenuti esistenti possono essere modificati o ritirati senza preavviso.<\/p><p>\u00c8 inoltre possibile apportare miglioramenti o modifiche ai prodotti, ai servizi, al design o al software utilizzato per il loro funzionamento in qualsiasi momento e senza preavviso.<\/p><p>Responsabilit\u00e0 per ipertesti e link ad altri siti o pagine.<br \/>Il sito contiene link ad altri siti di terzi, il cui contenuto non \u00e8 sempre sotto il nostro controllo. Il collegamento di un Utente dal sito a questi altri siti esterni alla nostra societ\u00e0 \u00e8 quindi sotto la sola responsabilit\u00e0 del navigatore.<\/p><p>Di conseguenza, il sito non pu\u00f2 garantire, in relazione a questi altri siti, la loro qualit\u00e0, accuratezza o idoneit\u00e0. In nessun modo questi link possono essere considerati un'estensione del nostro sito, n\u00e9 approviamo le opinioni ivi espresse o abbiamo alcun legame con i prodotti o i servizi da essi forniti o venduti.<\/p><p>Tuttavia, nel caso in cui si osservino in essi informazioni che potrebbero essere contrarie alla legge, alla dignit\u00e0 delle persone, o di natura razzista, xenofoba o terroristica o violenta, si prega di informarci al seguente indirizzo e-mail: hello@chappsolutions.com, in modo da poter studiare l'opportunit\u00e0 di rimuoverli.<\/p>\t\t\t\t\t\t\t\t<\/div>\n\t\t\t\t<\/div>\n\t\t\t\t\t<\/div>\n\t\t\t\t<\/div>\n\t\t<div class=\"elementor-element elementor-element-40ecb7f e-flex e-con-boxed e-con e-parent\" data-id=\"40ecb7f\" data-element_type=\"container\" data-e-type=\"container\">\n\t\t\t\t\t<div class=\"e-con-inner\">\n\t\t\t\t<div class=\"elementor-element elementor-element-6391431 elementor-widget elementor-widget-spacer\" data-id=\"6391431\" data-element_type=\"widget\" data-e-type=\"widget\" data-widget_type=\"spacer.default\">\n\t\t\t\t<div class=\"elementor-widget-container\">\n\t\t\t\t\t\t\t<div class=\"elementor-spacer\">\n\t\t\t<div class=\"elementor-spacer-inner\"><\/div>\n\t\t<\/div>\n\t\t\t\t\t\t<\/div>\n\t\t\t\t<\/div>\n\t\t\t\t\t<\/div>\n\t\t\t\t<\/div>\n\t\t\t\t<\/div>","protected":false},"excerpt":{"rendered":"<p>Aviso legal I. DATOS IDENTIFICATIVOS De acuerdo con el art\u00edculo 10 de la Ley 34\/2002, de 11 de julio, de [&hellip;]<\/p>\n","protected":false},"author":1,"featured_media":0,"parent":0,"menu_order":0,"comment_status":"closed","ping_status":"closed","template":"elementor_header_footer","meta":{"site-sidebar-layout":"no-sidebar","site-content-layout":"","ast-site-content-layout":"full-width-container","site-content-style":"default","site-sidebar-style":"default","ast-global-header-display":"","ast-banner-title-visibility":"","ast-main-header-display":"","ast-hfb-above-header-display":"","ast-hfb-below-header-display":"","ast-hfb-mobile-header-display":"","site-post-title":"disabled","ast-breadcrumbs-content":"","ast-featured-img":"disabled","footer-sml-layout":"","ast-disable-related-posts":"","theme-transparent-header-meta":"","adv-header-id-meta":"","stick-header-meta":"","header-above-stick-meta":"","header-main-stick-meta":"","header-below-stick-meta":"","astra-migrate-meta-layouts":"default","ast-page-background-enabled":"default","ast-page-background-meta":{"desktop":{"background-color":"var(--ast-global-color-4)","background-image":"","background-repeat":"repeat","background-position":"center center","background-size":"auto","background-attachment":"scroll","background-type":"","background-media":"","overlay-type":"","overlay-color":"","overlay-opacity":"","overlay-gradient":""},"tablet":{"background-color":"","background-image":"","background-repeat":"repeat","background-position":"center center","background-size":"auto","background-attachment":"scroll","background-type":"","background-media":"","overlay-type":"","overlay-color":"","overlay-opacity":"","overlay-gradient":""},"mobile":{"background-color":"","background-image":"","background-repeat":"repeat","background-position":"center center","background-size":"auto","background-attachment":"scroll","background-type":"","background-media":"","overlay-type":"","overlay-color":"","overlay-opacity":"","overlay-gradient":""}},"ast-content-background-meta":{"desktop":{"background-color":"var(--ast-global-color-5)","background-image":"","background-repeat":"repeat","background-position":"center center","background-size":"auto","background-attachment":"scroll","background-type":"","background-media":"","overlay-type":"","overlay-color":"","overlay-opacity":"","overlay-gradient":""},"tablet":{"background-color":"var(--ast-global-color-5)","background-image":"","background-repeat":"repeat","background-position":"center center","background-size":"auto","background-attachment":"scroll","background-type":"","background-media":"","overlay-type":"","overlay-color":"","overlay-opacity":"","overlay-gradient":""},"mobile":{"background-color":"var(--ast-global-color-5)","background-image":"","background-repeat":"repeat","background-position":"center center","background-size":"auto","background-attachment":"scroll","background-type":"","background-media":"","overlay-type":"","overlay-color":"","overlay-opacity":"","overlay-gradient":""}},"footnotes":""},"class_list":["post-3310","page","type-page","status-publish","hentry"],"yoast_head":"<!-- This site is optimized with the Yoast SEO plugin v27.4 - https:\/\/yoast.com\/product\/yoast-seo-wordpress\/ -->\n<title>Aviso Legal - Lean Hotel System<\/title>\n<meta name=\"robots\" content=\"index, follow, max-snippet:-1, max-image-preview:large, max-video-preview:-1\" \/>\n<link rel=\"canonical\" href=\"https:\/\/leanhotelsystem.com\/it\/avviso-legale\/\" \/>\n<meta property=\"og:locale\" content=\"it_IT\" \/>\n<meta property=\"og:type\" content=\"article\" \/>\n<meta property=\"og:title\" content=\"Aviso Legal - Lean Hotel System\" \/>\n<meta property=\"og:description\" content=\"Aviso legal I. DATOS IDENTIFICATIVOS De acuerdo con el art\u00edculo 10 de la Ley 34\/2002, de 11 de julio, de [&hellip;]\" \/>\n<meta property=\"og:url\" content=\"https:\/\/leanhotelsystem.com\/it\/avviso-legale\/\" \/>\n<meta property=\"og:site_name\" content=\"Lean Hotel System\" \/>\n<meta property=\"article:modified_time\" content=\"2025-06-02T16:36:10+00:00\" \/>\n<meta name=\"twitter:card\" content=\"summary_large_image\" \/>\n<meta name=\"twitter:label1\" content=\"Tempo di lettura stimato\" \/>\n\t<meta name=\"twitter:data1\" content=\"4 minuti\" \/>\n<script type=\"application\/ld+json\" class=\"yoast-schema-graph\">{\"@context\":\"https:\\\/\\\/schema.org\",\"@graph\":[{\"@type\":\"WebPage\",\"@id\":\"https:\\\/\\\/leanhotelsystem.com\\\/it\\\/aviso-legal\\\/\",\"url\":\"https:\\\/\\\/leanhotelsystem.com\\\/it\\\/aviso-legal\\\/\",\"name\":\"Aviso Legal - Lean Hotel System\",\"isPartOf\":{\"@id\":\"https:\\\/\\\/leanhotelsystem.com\\\/it\\\/#website\"},\"datePublished\":\"2024-07-18T15:13:44+00:00\",\"dateModified\":\"2025-06-02T16:36:10+00:00\",\"breadcrumb\":{\"@id\":\"https:\\\/\\\/leanhotelsystem.com\\\/it\\\/aviso-legal\\\/#breadcrumb\"},\"inLanguage\":\"it-IT\",\"potentialAction\":[{\"@type\":\"ReadAction\",\"target\":[\"https:\\\/\\\/leanhotelsystem.com\\\/it\\\/aviso-legal\\\/\"]}]},{\"@type\":\"BreadcrumbList\",\"@id\":\"https:\\\/\\\/leanhotelsystem.com\\\/it\\\/aviso-legal\\\/#breadcrumb\",\"itemListElement\":[{\"@type\":\"ListItem\",\"position\":1,\"name\":\"Software de gestion hotelera\",\"item\":\"https:\\\/\\\/leanhotelsystem.com\\\/it\\\/\"},{\"@type\":\"ListItem\",\"position\":2,\"name\":\"Aviso Legal\"}]},{\"@type\":\"WebSite\",\"@id\":\"https:\\\/\\\/leanhotelsystem.com\\\/it\\\/#website\",\"url\":\"https:\\\/\\\/leanhotelsystem.com\\\/it\\\/\",\"name\":\"PMS Hotelero - Lean Hotel System\",\"description\":\"No training required - Lean Design - Increase productivity\",\"publisher\":{\"@id\":\"https:\\\/\\\/leanhotelsystem.com\\\/it\\\/#organization\"},\"alternateName\":\"Lean Hotel System\",\"potentialAction\":[{\"@type\":\"SearchAction\",\"target\":{\"@type\":\"EntryPoint\",\"urlTemplate\":\"https:\\\/\\\/leanhotelsystem.com\\\/it\\\/?s={search_term_string}\"},\"query-input\":{\"@type\":\"PropertyValueSpecification\",\"valueRequired\":true,\"valueName\":\"search_term_string\"}}],\"inLanguage\":\"it-IT\"},{\"@type\":\"Organization\",\"@id\":\"https:\\\/\\\/leanhotelsystem.com\\\/it\\\/#organization\",\"name\":\"Lean Hotel System\",\"url\":\"https:\\\/\\\/leanhotelsystem.com\\\/it\\\/\",\"logo\":{\"@type\":\"ImageObject\",\"inLanguage\":\"it-IT\",\"@id\":\"https:\\\/\\\/leanhotelsystem.com\\\/it\\\/#\\\/schema\\\/logo\\\/image\\\/\",\"url\":\"https:\\\/\\\/leanhotelsystem.com\\\/wp-content\\\/uploads\\\/2026\\\/04\\\/cropped-LEAN-MENU-LOGO-BIG.png\",\"contentUrl\":\"https:\\\/\\\/leanhotelsystem.com\\\/wp-content\\\/uploads\\\/2026\\\/04\\\/cropped-LEAN-MENU-LOGO-BIG.png\",\"width\":400,\"height\":133,\"caption\":\"Lean Hotel System\"},\"image\":{\"@id\":\"https:\\\/\\\/leanhotelsystem.com\\\/it\\\/#\\\/schema\\\/logo\\\/image\\\/\"}}]}<\/script>\n<!-- \/ Yoast SEO plugin. -->","yoast_head_json":{"title":"Avviso legale - Lean Hotel System","robots":{"index":"index","follow":"follow","max-snippet":"max-snippet:-1","max-image-preview":"max-image-preview:large","max-video-preview":"max-video-preview:-1"},"canonical":"https:\/\/leanhotelsystem.com\/it\/avviso-legale\/","og_locale":"it_IT","og_type":"article","og_title":"Aviso Legal - Lean Hotel System","og_description":"Aviso legal I. DATOS IDENTIFICATIVOS De acuerdo con el art\u00edculo 10 de la Ley 34\/2002, de 11 de julio, de [&hellip;]","og_url":"https:\/\/leanhotelsystem.com\/it\/avviso-legale\/","og_site_name":"Lean Hotel System","article_modified_time":"2025-06-02T16:36:10+00:00","twitter_card":"summary_large_image","twitter_misc":{"Tempo di lettura stimato":"4 minuti"},"schema":{"@context":"https:\/\/schema.org","@graph":[{"@type":"WebPage","@id":"https:\/\/leanhotelsystem.com\/it\/aviso-legal\/","url":"https:\/\/leanhotelsystem.com\/it\/aviso-legal\/","name":"Avviso legale - Lean Hotel System","isPartOf":{"@id":"https:\/\/leanhotelsystem.com\/it\/#website"},"datePublished":"2024-07-18T15:13:44+00:00","dateModified":"2025-06-02T16:36:10+00:00","breadcrumb":{"@id":"https:\/\/leanhotelsystem.com\/it\/aviso-legal\/#breadcrumb"},"inLanguage":"it-IT","potentialAction":[{"@type":"ReadAction","target":["https:\/\/leanhotelsystem.com\/it\/aviso-legal\/"]}]},{"@type":"BreadcrumbList","@id":"https:\/\/leanhotelsystem.com\/it\/aviso-legal\/#breadcrumb","itemListElement":[{"@type":"ListItem","position":1,"name":"Software de gestion hotelera","item":"https:\/\/leanhotelsystem.com\/it\/"},{"@type":"ListItem","position":2,"name":"Aviso Legal"}]},{"@type":"WebSite","@id":"https:\/\/leanhotelsystem.com\/it\/#website","url":"https:\/\/leanhotelsystem.com\/it\/","name":"PMS alberghiero - Sistema alberghiero snello","description":"Nessuna formazione richiesta - Lean Design - Aumento della produttivit\u00e0","publisher":{"@id":"https:\/\/leanhotelsystem.com\/it\/#organization"},"alternateName":"Lean Hotel System","potentialAction":[{"@type":"SearchAction","target":{"@type":"EntryPoint","urlTemplate":"https:\/\/leanhotelsystem.com\/it\/?s={search_term_string}"},"query-input":{"@type":"PropertyValueSpecification","valueRequired":true,"valueName":"search_term_string"}}],"inLanguage":"it-IT"},{"@type":"Organization","@id":"https:\/\/leanhotelsystem.com\/it\/#organization","name":"Sistema alberghiero Lean","url":"https:\/\/leanhotelsystem.com\/it\/","logo":{"@type":"ImageObject","inLanguage":"it-IT","@id":"https:\/\/leanhotelsystem.com\/it\/#\/schema\/logo\/image\/","url":"https:\/\/leanhotelsystem.com\/wp-content\/uploads\/2026\/04\/cropped-LEAN-MENU-LOGO-BIG.png","contentUrl":"https:\/\/leanhotelsystem.com\/wp-content\/uploads\/2026\/04\/cropped-LEAN-MENU-LOGO-BIG.png","width":400,"height":133,"caption":"Lean Hotel System"},"image":{"@id":"https:\/\/leanhotelsystem.com\/it\/#\/schema\/logo\/image\/"}}]}},"rttpg_featured_image_url":null,"rttpg_author":{"display_name":"Fabio Design","author_link":"https:\/\/leanhotelsystem.com\/it\/author\/user\/"},"rttpg_comment":0,"rttpg_category":null,"rttpg_excerpt":"Aviso legal I. DATOS IDENTIFICATIVOS De acuerdo con el art\u00edculo 10 de la Ley 34\/2002, de 11 de julio, de [&hellip;]","_links":{"self":[{"href":"https:\/\/leanhotelsystem.com\/it\/wp-json\/wp\/v2\/pages\/3310","targetHints":{"allow":["GET"]}}],"collection":[{"href":"https:\/\/leanhotelsystem.com\/it\/wp-json\/wp\/v2\/pages"}],"about":[{"href":"https:\/\/leanhotelsystem.com\/it\/wp-json\/wp\/v2\/types\/page"}],"author":[{"embeddable":true,"href":"https:\/\/leanhotelsystem.com\/it\/wp-json\/wp\/v2\/users\/1"}],"replies":[{"embeddable":true,"href":"https:\/\/leanhotelsystem.com\/it\/wp-json\/wp\/v2\/comments?post=3310"}],"version-history":[{"count":13,"href":"https:\/\/leanhotelsystem.com\/it\/wp-json\/wp\/v2\/pages\/3310\/revisions"}],"predecessor-version":[{"id":5441,"href":"https:\/\/leanhotelsystem.com\/it\/wp-json\/wp\/v2\/pages\/3310\/revisions\/5441"}],"wp:attachment":[{"href":"https:\/\/leanhotelsystem.com\/it\/wp-json\/wp\/v2\/media?parent=3310"}],"curies":[{"name":"wp","href":"https:\/\/api.w.org\/{rel}","templated":true}]}}