{"id":6123,"date":"2024-08-09T10:29:58","date_gmt":"2024-08-09T10:29:58","guid":{"rendered":"https:\/\/leanhotelsystem.com\/cookie-policy-eu\/"},"modified":"2025-12-02T11:33:27","modified_gmt":"2025-12-02T11:33:27","slug":"politica-dei-cookie-eu","status":"publish","type":"page","link":"https:\/\/leanhotelsystem.com\/it\/cookie-policy-eu\/","title":{"rendered":"Informativa sui cookie (UE)"},"content":{"rendered":"<div data-elementor-type=\"wp-page\" data-elementor-id=\"6123\" class=\"elementor elementor-6123\" data-elementor-post-type=\"page\">\n\t\t\t\t<div class=\"elementor-element elementor-element-911af7a e-flex e-con-boxed e-con e-parent\" data-id=\"911af7a\" data-element_type=\"container\" data-e-type=\"container\">\n\t\t\t\t\t<div class=\"e-con-inner\">\n\t\t\t\t<div class=\"elementor-element elementor-element-260d4f0 elementor-widget elementor-widget-html\" data-id=\"260d4f0\" data-element_type=\"widget\" data-e-type=\"widget\" data-widget_type=\"html.default\">\n\t\t\t\t<div class=\"elementor-widget-container\">\n\t\t\t\t\t<!-- Start CookieYes cookie policy -->\n<style>\n  a.cky-banner-element {\n    padding: 8px 30px;\n    background: #f8f9fa;\n    color: #858a8f;\n    border: 1px solid #dee2e6;\n    box-sizing: border-box;\n    border-radius: 2px;\n    cursor: pointer\n  }\n<\/style>\n<h1 class=\"cookie-policy-h1\">Politica sui cookie<\/h1>\n<div class=\"cookie-policy-date-container\">\n  <p>Data di entrata in vigore: 02 dicembre 2025<\/p>\n  <p>Ultimo aggiornamento: 02 dicembre 2025<\/p>\n<\/div>&nbsp;<h2>Cosa sono i biscotti?<\/h2>\n<div class=\"cookie-policy-p\">\n  <p>Questa politica sui cookie spiega cosa sono i cookie, come li utilizziamo, i tipi di cookie che utilizziamo (ad esempio, le informazioni che raccogliamo quando utilizziamo i cookie e come vengono utilizzate) e come gestire le impostazioni dei cookie.<\/p>\n  <p>I cookie sono piccoli file di testo utilizzati per memorizzare determinate informazioni. Vengono memorizzati sul dispositivo dell'utente quando un sito web viene caricato nel browser. Questi cookie contribuiscono a garantire il corretto funzionamento del sito web, a migliorare la sicurezza, a fornire una migliore esperienza all'utente e ad analizzare le prestazioni per identificare ci\u00f2 che funziona bene e ci\u00f2 che deve essere migliorato.<\/p>\n<\/div>&nbsp;<h2>Come utilizziamo i cookie?<\/h2>\n<div class=\"cookie-policy-p\">\n  <p>Come la maggior parte dei servizi online, il nostro sito web utilizza cookie di prima parte e cookie di terze parti per vari scopi. I cookie di prima parte sono fondamentalmente necessari per il corretto funzionamento del sito web e non raccolgono dati di identificazione personale.<\/p>\n  <p>I cookie di terze parti utilizzati sul nostro sito web ci aiutano principalmente a capire come risponde il nostro sito web, a tracciare il modo in cui l'utente interagisce con esso, a proteggere i nostri servizi, a fornire pubblicit\u00e0 pertinente e a migliorare l'esperienza complessiva dell'utente, ottimizzando al contempo la velocit\u00e0 delle sue successive interazioni sul nostro sito web.<\/p>\n<\/div>&nbsp;<h2>Tipi di cookie che utilizziamo<\/h2>\n<div class=\"cky-audit-table-element\"><\/div>&nbsp;<h2 style=\"margin-bottom: 20px\">Gestione delle preferenze sui cookie<\/h2><a class=\"cky-banner-element\">Preferenze di consenso<\/a><br \/>\n<div>\n  <p>\u00c8 possibile modificare le impostazioni dei cookie in qualsiasi momento facendo clic sul pulsante Preferenze di consenso in alto. In questo modo \u00e8 possibile rivisitare il banner di consenso ai cookie e aggiornare le proprie preferenze o ritirare immediatamente il proprio consenso.<\/p>\n  <p>I diversi browser offrono anche vari metodi per bloccare ed eliminare i cookie utilizzati dai siti web. \u00c8 possibile modificare le impostazioni del browser per bloccare o eliminare i cookie. Di seguito sono riportati i link ai documenti di aiuto su come gestire ed eliminare i cookie nei principali browser web.<\/p>\n  <p>Cromo: <a target=\"_blank\" rel=\"noopener noreferrer\" href=\"https:\/\/support.google.com\/accounts\/answer\/32050\">https:\/\/support.google.com\/accounts\/answer\/32050<\/a><\/p>\n  <p>Safari: <a target=\"_blank\" rel=\"noopener noreferrer\" href=\"https:\/\/support.apple.com\/en-in\/guide\/safari\/sfri11471\/mac\">https:\/\/support.apple.com\/en-in\/guide\/safari\/sfri11471\/mac<\/a><\/p>\n  <p>Firefox: <a target=\"_blank\" rel=\"noopener noreferrer\" href=\"https:\/\/support.mozilla.org\/en-US\/kb\/clear-cookies-and-site-data-firefox?redirectslug=delete-cookies-remove-info-websites-stored&redirectlocale=en-US\">https:\/\/support.mozilla.org\/en-US\/kb\/clear-cookies-and-site-data-firefox?redirectslug=delete-cookies-remove-info-websites-stored&redirectlocale=en-US<\/a><\/p>\n  <p>Internet Explorer: <a target=\"_blank\" rel=\"noopener noreferrer\" href=\"https:\/\/support.microsoft.com\/en-us\/topic\/how-to-delete-cookie-files-in-internet-explorer-bca9446f-d873-78de-77ba-d42645fa52fc\">https:\/\/support.microsoft.com\/en-us\/topic\/how-to-delete-cookie-files-in-internet-explorer-bca9446f-d873-78de-77ba-d42645fa52fc<\/a><\/p>\n  <p>Se si utilizza un altro browser web, consultare la documentazione ufficiale di tale browser.<\/p>\n<\/div>&nbsp;<p class=\"cookie-policy-p\"> CookieYes ha generato questa politica di <a target=\"_blank\" rel=\"noopener noreferrer\" href=\"https:\/\/www.cookieyes.com\/?utm_source=CP&utm_medium=footer&utm_campaign=UW\">cookie - generatore di cookie policy<\/a><\/p>\n<!-- End CookieYes cookie policy -->\t\t\t\t<\/div>\n\t\t\t\t<\/div>\n\t\t\t\t\t<\/div>\n\t\t\t\t<\/div>\n\t\t\t\t<\/div>","protected":false},"excerpt":{"rendered":"<p>Pol\u00edtica de cookies Fecha de entrada en vigor: December 02, 2025 \u00daltima actualizaci\u00f3n: December 02, 2025 &nbsp; \u00bfQu\u00e9 son las [&hellip;]<\/p>\n","protected":false},"author":1,"featured_media":0,"parent":0,"menu_order":0,"comment_status":"closed","ping_status":"closed","template":"","meta":{"site-sidebar-layout":"default","site-content-layout":"","ast-site-content-layout":"default","site-content-style":"default","site-sidebar-style":"default","ast-global-header-display":"","ast-banner-title-visibility":"","ast-main-header-display":"","ast-hfb-above-header-display":"","ast-hfb-below-header-display":"","ast-hfb-mobile-header-display":"","site-post-title":"","ast-breadcrumbs-content":"","ast-featured-img":"","footer-sml-layout":"","ast-disable-related-posts":"","theme-transparent-header-meta":"","adv-header-id-meta":"","stick-header-meta":"","header-above-stick-meta":"","header-main-stick-meta":"","header-below-stick-meta":"","astra-migrate-meta-layouts":"default","ast-page-background-enabled":"default","ast-page-background-meta":{"desktop":{"background-color":"var(--ast-global-color-4)","background-image":"","background-repeat":"repeat","background-position":"center center","background-size":"auto","background-attachment":"scroll","background-type":"","background-media":"","overlay-type":"","overlay-color":"","overlay-opacity":"","overlay-gradient":""},"tablet":{"background-color":"","background-image":"","background-repeat":"repeat","background-position":"center center","background-size":"auto","background-attachment":"scroll","background-type":"","background-media":"","overlay-type":"","overlay-color":"","overlay-opacity":"","overlay-gradient":""},"mobile":{"background-color":"","background-image":"","background-repeat":"repeat","background-position":"center center","background-size":"auto","background-attachment":"scroll","background-type":"","background-media":"","overlay-type":"","overlay-color":"","overlay-opacity":"","overlay-gradient":""}},"ast-content-background-meta":{"desktop":{"background-color":"var(--ast-global-color-5)","background-image":"","background-repeat":"repeat","background-position":"center center","background-size":"auto","background-attachment":"scroll","background-type":"","background-media":"","overlay-type":"","overlay-color":"","overlay-opacity":"","overlay-gradient":""},"tablet":{"background-color":"var(--ast-global-color-5)","background-image":"","background-repeat":"repeat","background-position":"center center","background-size":"auto","background-attachment":"scroll","background-type":"","background-media":"","overlay-type":"","overlay-color":"","overlay-opacity":"","overlay-gradient":""},"mobile":{"background-color":"var(--ast-global-color-5)","background-image":"","background-repeat":"repeat","background-position":"center center","background-size":"auto","background-attachment":"scroll","background-type":"","background-media":"","overlay-type":"","overlay-color":"","overlay-opacity":"","overlay-gradient":""}},"footnotes":""},"class_list":["post-6123","page","type-page","status-publish","hentry"],"yoast_head":"<!-- This site is optimized with the Yoast SEO plugin v27.5 - https:\/\/yoast.com\/product\/yoast-seo-wordpress\/ -->\n<title>Cookie Policy (EU) - Lean Hotel System<\/title>\n<meta name=\"robots\" content=\"index, follow, max-snippet:-1, max-image-preview:large, max-video-preview:-1\" \/>\n<link rel=\"canonical\" href=\"https:\/\/leanhotelsystem.com\/it\/politica-dei-cookie-eu\/\" \/>\n<meta property=\"og:locale\" content=\"it_IT\" \/>\n<meta property=\"og:type\" content=\"article\" \/>\n<meta property=\"og:title\" content=\"Cookie Policy (EU) - Lean Hotel System\" \/>\n<meta property=\"og:description\" content=\"Pol\u00edtica de cookies Fecha de entrada en vigor: December 02, 2025 \u00daltima actualizaci\u00f3n: December 02, 2025 &nbsp; \u00bfQu\u00e9 son las [&hellip;]\" \/>\n<meta property=\"og:url\" content=\"https:\/\/leanhotelsystem.com\/it\/politica-dei-cookie-eu\/\" \/>\n<meta property=\"og:site_name\" content=\"Lean Hotel System\" \/>\n<meta property=\"article:modified_time\" content=\"2025-12-02T11:33:27+00:00\" \/>\n<meta name=\"twitter:card\" content=\"summary_large_image\" \/>\n<meta name=\"twitter:label1\" content=\"Tempo di lettura stimato\" \/>\n\t<meta name=\"twitter:data1\" content=\"2 minuti\" \/>\n<script type=\"application\/ld+json\" class=\"yoast-schema-graph\">{\"@context\":\"https:\\\/\\\/schema.org\",\"@graph\":[{\"@type\":\"WebPage\",\"@id\":\"https:\\\/\\\/leanhotelsystem.com\\\/it\\\/cookie-policy-eu\\\/\",\"url\":\"https:\\\/\\\/leanhotelsystem.com\\\/it\\\/cookie-policy-eu\\\/\",\"name\":\"Cookie Policy (EU) - Lean Hotel System\",\"isPartOf\":{\"@id\":\"https:\\\/\\\/leanhotelsystem.com\\\/it\\\/#website\"},\"datePublished\":\"2024-08-09T10:29:58+00:00\",\"dateModified\":\"2025-12-02T11:33:27+00:00\",\"breadcrumb\":{\"@id\":\"https:\\\/\\\/leanhotelsystem.com\\\/it\\\/cookie-policy-eu\\\/#breadcrumb\"},\"inLanguage\":\"it-IT\",\"potentialAction\":[{\"@type\":\"ReadAction\",\"target\":[\"https:\\\/\\\/leanhotelsystem.com\\\/it\\\/cookie-policy-eu\\\/\"]}]},{\"@type\":\"BreadcrumbList\",\"@id\":\"https:\\\/\\\/leanhotelsystem.com\\\/it\\\/cookie-policy-eu\\\/#breadcrumb\",\"itemListElement\":[{\"@type\":\"ListItem\",\"position\":1,\"name\":\"Software de gestion hotelera\",\"item\":\"https:\\\/\\\/leanhotelsystem.com\\\/it\\\/\"},{\"@type\":\"ListItem\",\"position\":2,\"name\":\"Cookie Policy (EU)\"}]},{\"@type\":\"WebSite\",\"@id\":\"https:\\\/\\\/leanhotelsystem.com\\\/it\\\/#website\",\"url\":\"https:\\\/\\\/leanhotelsystem.com\\\/it\\\/\",\"name\":\"PMS Hotelero - Lean Hotel System\",\"description\":\"No training required - Lean Design - Increase productivity\",\"publisher\":{\"@id\":\"https:\\\/\\\/leanhotelsystem.com\\\/it\\\/#organization\"},\"alternateName\":\"Lean Hotel System\",\"potentialAction\":[{\"@type\":\"SearchAction\",\"target\":{\"@type\":\"EntryPoint\",\"urlTemplate\":\"https:\\\/\\\/leanhotelsystem.com\\\/it\\\/?s={search_term_string}\"},\"query-input\":{\"@type\":\"PropertyValueSpecification\",\"valueRequired\":true,\"valueName\":\"search_term_string\"}}],\"inLanguage\":\"it-IT\"},{\"@type\":\"Organization\",\"@id\":\"https:\\\/\\\/leanhotelsystem.com\\\/it\\\/#organization\",\"name\":\"Lean Hotel System\",\"url\":\"https:\\\/\\\/leanhotelsystem.com\\\/it\\\/\",\"logo\":{\"@type\":\"ImageObject\",\"inLanguage\":\"it-IT\",\"@id\":\"https:\\\/\\\/leanhotelsystem.com\\\/it\\\/#\\\/schema\\\/logo\\\/image\\\/\",\"url\":\"https:\\\/\\\/leanhotelsystem.com\\\/wp-content\\\/uploads\\\/2026\\\/04\\\/cropped-cropped-LEAN-MENU-LOGO-BIG.webp\",\"contentUrl\":\"https:\\\/\\\/leanhotelsystem.com\\\/wp-content\\\/uploads\\\/2026\\\/04\\\/cropped-cropped-LEAN-MENU-LOGO-BIG.webp\",\"width\":399,\"height\":133,\"caption\":\"Lean Hotel System\"},\"image\":{\"@id\":\"https:\\\/\\\/leanhotelsystem.com\\\/it\\\/#\\\/schema\\\/logo\\\/image\\\/\"}}]}<\/script>\n<!-- \/ Yoast SEO plugin. -->","yoast_head_json":{"title":"Informativa sui cookie (UE) - Lean Hotel System","robots":{"index":"index","follow":"follow","max-snippet":"max-snippet:-1","max-image-preview":"max-image-preview:large","max-video-preview":"max-video-preview:-1"},"canonical":"https:\/\/leanhotelsystem.com\/it\/politica-dei-cookie-eu\/","og_locale":"it_IT","og_type":"article","og_title":"Cookie Policy (EU) - Lean Hotel System","og_description":"Pol\u00edtica de cookies Fecha de entrada en vigor: December 02, 2025 \u00daltima actualizaci\u00f3n: December 02, 2025 &nbsp; \u00bfQu\u00e9 son las [&hellip;]","og_url":"https:\/\/leanhotelsystem.com\/it\/politica-dei-cookie-eu\/","og_site_name":"Lean Hotel System","article_modified_time":"2025-12-02T11:33:27+00:00","twitter_card":"summary_large_image","twitter_misc":{"Tempo di lettura stimato":"2 minuti"},"schema":{"@context":"https:\/\/schema.org","@graph":[{"@type":"WebPage","@id":"https:\/\/leanhotelsystem.com\/it\/cookie-policy-eu\/","url":"https:\/\/leanhotelsystem.com\/it\/cookie-policy-eu\/","name":"Informativa sui cookie (UE) - Lean Hotel System","isPartOf":{"@id":"https:\/\/leanhotelsystem.com\/it\/#website"},"datePublished":"2024-08-09T10:29:58+00:00","dateModified":"2025-12-02T11:33:27+00:00","breadcrumb":{"@id":"https:\/\/leanhotelsystem.com\/it\/cookie-policy-eu\/#breadcrumb"},"inLanguage":"it-IT","potentialAction":[{"@type":"ReadAction","target":["https:\/\/leanhotelsystem.com\/it\/cookie-policy-eu\/"]}]},{"@type":"BreadcrumbList","@id":"https:\/\/leanhotelsystem.com\/it\/cookie-policy-eu\/#breadcrumb","itemListElement":[{"@type":"ListItem","position":1,"name":"Software de gestion hotelera","item":"https:\/\/leanhotelsystem.com\/it\/"},{"@type":"ListItem","position":2,"name":"Cookie Policy (EU)"}]},{"@type":"WebSite","@id":"https:\/\/leanhotelsystem.com\/it\/#website","url":"https:\/\/leanhotelsystem.com\/it\/","name":"PMS alberghiero - Sistema alberghiero snello","description":"Nessuna formazione richiesta - Lean Design - Aumento della produttivit\u00e0","publisher":{"@id":"https:\/\/leanhotelsystem.com\/it\/#organization"},"alternateName":"Lean Hotel System","potentialAction":[{"@type":"SearchAction","target":{"@type":"EntryPoint","urlTemplate":"https:\/\/leanhotelsystem.com\/it\/?s={search_term_string}"},"query-input":{"@type":"PropertyValueSpecification","valueRequired":true,"valueName":"search_term_string"}}],"inLanguage":"it-IT"},{"@type":"Organization","@id":"https:\/\/leanhotelsystem.com\/it\/#organization","name":"Sistema alberghiero Lean","url":"https:\/\/leanhotelsystem.com\/it\/","logo":{"@type":"ImageObject","inLanguage":"it-IT","@id":"https:\/\/leanhotelsystem.com\/it\/#\/schema\/logo\/image\/","url":"https:\/\/leanhotelsystem.com\/wp-content\/uploads\/2026\/04\/cropped-cropped-LEAN-MENU-LOGO-BIG.webp","contentUrl":"https:\/\/leanhotelsystem.com\/wp-content\/uploads\/2026\/04\/cropped-cropped-LEAN-MENU-LOGO-BIG.webp","width":399,"height":133,"caption":"Lean Hotel System"},"image":{"@id":"https:\/\/leanhotelsystem.com\/it\/#\/schema\/logo\/image\/"}}]}},"rttpg_featured_image_url":null,"rttpg_author":{"display_name":"Fabio Design","author_link":"https:\/\/leanhotelsystem.com\/it\/author\/user\/"},"rttpg_comment":0,"rttpg_category":null,"rttpg_excerpt":"Pol\u00edtica de cookies Fecha de entrada en vigor: December 02, 2025 \u00daltima actualizaci\u00f3n: December 02, 2025 &nbsp; \u00bfQu\u00e9 son las [&hellip;]","_links":{"self":[{"href":"https:\/\/leanhotelsystem.com\/it\/wp-json\/wp\/v2\/pages\/6123","targetHints":{"allow":["GET"]}}],"collection":[{"href":"https:\/\/leanhotelsystem.com\/it\/wp-json\/wp\/v2\/pages"}],"about":[{"href":"https:\/\/leanhotelsystem.com\/it\/wp-json\/wp\/v2\/types\/page"}],"author":[{"embeddable":true,"href":"https:\/\/leanhotelsystem.com\/it\/wp-json\/wp\/v2\/users\/1"}],"replies":[{"embeddable":true,"href":"https:\/\/leanhotelsystem.com\/it\/wp-json\/wp\/v2\/comments?post=6123"}],"version-history":[{"count":11,"href":"https:\/\/leanhotelsystem.com\/it\/wp-json\/wp\/v2\/pages\/6123\/revisions"}],"predecessor-version":[{"id":10055,"href":"https:\/\/leanhotelsystem.com\/it\/wp-json\/wp\/v2\/pages\/6123\/revisions\/10055"}],"wp:attachment":[{"href":"https:\/\/leanhotelsystem.com\/it\/wp-json\/wp\/v2\/media?parent=6123"}],"curies":[{"name":"wp","href":"https:\/\/api.w.org\/{rel}","templated":true}]}}