{"id":6123,"date":"2024-08-09T10:29:58","date_gmt":"2024-08-09T10:29:58","guid":{"rendered":"https:\/\/leanhotelsystem.com\/cookie-policy-eu\/"},"modified":"2025-12-02T11:33:27","modified_gmt":"2025-12-02T11:33:27","slug":"politica-de-cookies-da-ue","status":"publish","type":"page","link":"https:\/\/leanhotelsystem.com\/pt\/cookie-policy-eu\/","title":{"rendered":"Pol\u00edtica de cookies (UE)"},"content":{"rendered":"<div data-elementor-type=\"wp-page\" data-elementor-id=\"6123\" class=\"elementor elementor-6123\" data-elementor-post-type=\"page\">\n\t\t\t\t<div class=\"elementor-element elementor-element-911af7a e-flex e-con-boxed e-con e-parent\" data-id=\"911af7a\" data-element_type=\"container\" data-e-type=\"container\">\n\t\t\t\t\t<div class=\"e-con-inner\">\n\t\t\t\t<div class=\"elementor-element elementor-element-260d4f0 elementor-widget elementor-widget-html\" data-id=\"260d4f0\" data-element_type=\"widget\" data-e-type=\"widget\" data-widget_type=\"html.default\">\n\t\t\t\t<div class=\"elementor-widget-container\">\n\t\t\t\t\t<!-- Start CookieYes cookie policy -->\n<style>\n  a.cky-banner-element {\n    padding: 8px 30px;\n    background: #f8f9fa;\n    color: #858a8f;\n    border: 1px solid #dee2e6;\n    box-sizing: border-box;\n    border-radius: 2px;\n    cursor: pointer\n  }\n<\/style>\n<h1 class=\"cookie-policy-h1\">Pol\u00edtica de cookies<\/h1>\n<div class=\"cookie-policy-date-container\">\n  <p>Data de entrada em vigor: 02 de dezembro de 2025<\/p>\n  <p>\u00daltima atualiza\u00e7\u00e3o: 02 de dezembro de 2025<\/p>\n<\/div>&nbsp;<h2>O que s\u00e3o bolachas?<\/h2>\n<div class=\"cookie-policy-p\">\n  <p>Esta pol\u00edtica de cookies explica o que s\u00e3o cookies, como os utilizamos, os tipos de cookies que utilizamos (por exemplo, as informa\u00e7\u00f5es que recolhemos quando utilizamos cookies e como essas informa\u00e7\u00f5es s\u00e3o utilizadas) e como gerir as suas defini\u00e7\u00f5es de cookies.<\/p>\n  <p>Os cookies s\u00e3o pequenos ficheiros de texto que s\u00e3o utilizados para armazenar determinadas informa\u00e7\u00f5es. S\u00e3o armazenados no seu dispositivo quando um s\u00edtio Web \u00e9 carregado no seu navegador. Estes cookies ajudam a garantir que o s\u00edtio Web funciona corretamente, aumentam a seguran\u00e7a, proporcionam uma melhor experi\u00eancia ao utilizador e analisam o desempenho para identificar o que funciona bem e o que precisa de ser melhorado.<\/p>\n<\/div>&nbsp;<h2>Como \u00e9 que utilizamos os cookies?<\/h2>\n<div class=\"cookie-policy-p\">\n  <p>Tal como a maioria dos servi\u00e7os em linha, o nosso s\u00edtio Web utiliza cookies pr\u00f3prios e cookies de terceiros para diversos fins. Os cookies pr\u00f3prios s\u00e3o basicamente necess\u00e1rios para que o s\u00edtio Web funcione corretamente; n\u00e3o recolhem quaisquer dados pessoais identific\u00e1veis.<\/p>\n  <p>Os cookies de terceiros utilizados no nosso s\u00edtio Web ajudam-nos principalmente a compreender a forma como o nosso s\u00edtio Web responde; a acompanhar a forma como interage com ele; a proteger os nossos servi\u00e7os; a fornecer publicidade relevante; e a melhorar a sua experi\u00eancia geral de utilizador, optimizando simultaneamente a velocidade das suas intera\u00e7\u00f5es subsequentes no nosso s\u00edtio Web.<\/p>\n<\/div>&nbsp;<h2>Tipos de cookies que utilizamos<\/h2>\n<div class=\"cky-audit-table-element\"><\/div>&nbsp;<h2 style=\"margin-bottom: 20px\">Gerir as prefer\u00eancias de cookies<\/h2><a class=\"cky-banner-element\">Prefer\u00eancias de consentimento<\/a><br \/>\n<div>\n  <p>Pode alterar as suas defini\u00e7\u00f5es de cookies em qualquer altura, clicando no bot\u00e3o Prefer\u00eancias de consentimento na parte superior. Isto permitir-lhe-\u00e1 voltar a visitar a faixa de consentimento de cookies e atualizar as suas prefer\u00eancias ou retirar o seu consentimento imediatamente.<\/p>\n  <p>Os diferentes navegadores tamb\u00e9m oferecem v\u00e1rios m\u00e9todos para bloquear e apagar os cookies utilizados pelos s\u00edtios Web. Pode modificar as defini\u00e7\u00f5es do seu navegador para bloquear ou apagar cookies. Abaixo encontram-se liga\u00e7\u00f5es para documentos de ajuda sobre como gerir e eliminar cookies nos principais navegadores Web.<\/p>\n  <p>Cromado: <a target=\"_blank\" rel=\"noopener noreferrer\" href=\"https:\/\/support.google.com\/accounts\/answer\/32050\">https:\/\/support.google.com\/accounts\/answer\/32050<\/a><\/p>\n  <p>Safari: <a target=\"_blank\" rel=\"noopener noreferrer\" href=\"https:\/\/support.apple.com\/en-in\/guide\/safari\/sfri11471\/mac\">https:\/\/support.apple.com\/en-in\/guide\/safari\/sfri11471\/mac<\/a><\/p>\n  <p>Firefox: <a target=\"_blank\" rel=\"noopener noreferrer\" href=\"https:\/\/support.mozilla.org\/en-US\/kb\/clear-cookies-and-site-data-firefox?redirectslug=delete-cookies-remove-info-websites-stored&redirectlocale=en-US\">https:\/\/support.mozilla.org\/en-US\/kb\/clear-cookies-and-site-data-firefox?redirectslug=delete-cookies-remove-info-websites-stored&redirectlocale=en-US<\/a><\/p>\n  <p>Internet Explorer: <a target=\"_blank\" rel=\"noopener noreferrer\" href=\"https:\/\/support.microsoft.com\/en-us\/topic\/how-to-delete-cookie-files-in-internet-explorer-bca9446f-d873-78de-77ba-d42645fa52fc\">https:\/\/support.microsoft.com\/en-us\/topic\/how-to-delete-cookie-files-in-internet-explorer-bca9446f-d873-78de-77ba-d42645fa52fc<\/a><\/p>\n  <p>Se estiver a utilizar outro navegador Web, consulte a documenta\u00e7\u00e3o de ajuda oficial desse navegador.<\/p>\n<\/div>&nbsp;<p class=\"cookie-policy-p\"> CookieYes gerou esta pol\u00edtica de <a target=\"_blank\" rel=\"noopener noreferrer\" href=\"https:\/\/www.cookieyes.com\/?utm_source=CP&utm_medium=footer&utm_campaign=UW\">cookies - gerador de pol\u00edtica de cookies<\/a><\/p>\n<!-- End CookieYes cookie policy -->\t\t\t\t<\/div>\n\t\t\t\t<\/div>\n\t\t\t\t\t<\/div>\n\t\t\t\t<\/div>\n\t\t\t\t<\/div>","protected":false},"excerpt":{"rendered":"<p>Pol\u00edtica de cookies Fecha de entrada en vigor: December 02, 2025 \u00daltima actualizaci\u00f3n: December 02, 2025 &nbsp; \u00bfQu\u00e9 son las [&hellip;]<\/p>\n","protected":false},"author":1,"featured_media":0,"parent":0,"menu_order":0,"comment_status":"closed","ping_status":"closed","template":"","meta":{"site-sidebar-layout":"default","site-content-layout":"","ast-site-content-layout":"default","site-content-style":"default","site-sidebar-style":"default","ast-global-header-display":"","ast-banner-title-visibility":"","ast-main-header-display":"","ast-hfb-above-header-display":"","ast-hfb-below-header-display":"","ast-hfb-mobile-header-display":"","site-post-title":"","ast-breadcrumbs-content":"","ast-featured-img":"","footer-sml-layout":"","ast-disable-related-posts":"","theme-transparent-header-meta":"","adv-header-id-meta":"","stick-header-meta":"","header-above-stick-meta":"","header-main-stick-meta":"","header-below-stick-meta":"","astra-migrate-meta-layouts":"default","ast-page-background-enabled":"default","ast-page-background-meta":{"desktop":{"background-color":"var(--ast-global-color-4)","background-image":"","background-repeat":"repeat","background-position":"center center","background-size":"auto","background-attachment":"scroll","background-type":"","background-media":"","overlay-type":"","overlay-color":"","overlay-opacity":"","overlay-gradient":""},"tablet":{"background-color":"","background-image":"","background-repeat":"repeat","background-position":"center center","background-size":"auto","background-attachment":"scroll","background-type":"","background-media":"","overlay-type":"","overlay-color":"","overlay-opacity":"","overlay-gradient":""},"mobile":{"background-color":"","background-image":"","background-repeat":"repeat","background-position":"center center","background-size":"auto","background-attachment":"scroll","background-type":"","background-media":"","overlay-type":"","overlay-color":"","overlay-opacity":"","overlay-gradient":""}},"ast-content-background-meta":{"desktop":{"background-color":"var(--ast-global-color-5)","background-image":"","background-repeat":"repeat","background-position":"center center","background-size":"auto","background-attachment":"scroll","background-type":"","background-media":"","overlay-type":"","overlay-color":"","overlay-opacity":"","overlay-gradient":""},"tablet":{"background-color":"var(--ast-global-color-5)","background-image":"","background-repeat":"repeat","background-position":"center center","background-size":"auto","background-attachment":"scroll","background-type":"","background-media":"","overlay-type":"","overlay-color":"","overlay-opacity":"","overlay-gradient":""},"mobile":{"background-color":"var(--ast-global-color-5)","background-image":"","background-repeat":"repeat","background-position":"center center","background-size":"auto","background-attachment":"scroll","background-type":"","background-media":"","overlay-type":"","overlay-color":"","overlay-opacity":"","overlay-gradient":""}},"footnotes":""},"class_list":["post-6123","page","type-page","status-publish","hentry"],"yoast_head":"<!-- This site is optimized with the Yoast SEO plugin v27.5 - https:\/\/yoast.com\/product\/yoast-seo-wordpress\/ -->\n<title>Cookie Policy (EU) - Lean Hotel System<\/title>\n<meta name=\"robots\" content=\"index, follow, max-snippet:-1, max-image-preview:large, max-video-preview:-1\" \/>\n<link rel=\"canonical\" href=\"https:\/\/leanhotelsystem.com\/pt\/politica-de-cookies-da-ue\/\" \/>\n<meta property=\"og:locale\" content=\"pt_PT\" \/>\n<meta property=\"og:type\" content=\"article\" \/>\n<meta property=\"og:title\" content=\"Cookie Policy (EU) - Lean Hotel System\" \/>\n<meta property=\"og:description\" content=\"Pol\u00edtica de cookies Fecha de entrada en vigor: December 02, 2025 \u00daltima actualizaci\u00f3n: December 02, 2025 &nbsp; \u00bfQu\u00e9 son las [&hellip;]\" \/>\n<meta property=\"og:url\" content=\"https:\/\/leanhotelsystem.com\/pt\/politica-de-cookies-da-ue\/\" \/>\n<meta property=\"og:site_name\" content=\"Lean Hotel System\" \/>\n<meta property=\"article:modified_time\" content=\"2025-12-02T11:33:27+00:00\" \/>\n<meta name=\"twitter:card\" content=\"summary_large_image\" \/>\n<meta name=\"twitter:label1\" content=\"Tempo estimado de leitura\" \/>\n\t<meta name=\"twitter:data1\" content=\"2 minutos\" \/>\n<script type=\"application\/ld+json\" class=\"yoast-schema-graph\">{\"@context\":\"https:\\\/\\\/schema.org\",\"@graph\":[{\"@type\":\"WebPage\",\"@id\":\"https:\\\/\\\/leanhotelsystem.com\\\/pt\\\/cookie-policy-eu\\\/\",\"url\":\"https:\\\/\\\/leanhotelsystem.com\\\/pt\\\/cookie-policy-eu\\\/\",\"name\":\"Cookie Policy (EU) - Lean Hotel System\",\"isPartOf\":{\"@id\":\"https:\\\/\\\/leanhotelsystem.com\\\/pt\\\/#website\"},\"datePublished\":\"2024-08-09T10:29:58+00:00\",\"dateModified\":\"2025-12-02T11:33:27+00:00\",\"breadcrumb\":{\"@id\":\"https:\\\/\\\/leanhotelsystem.com\\\/pt\\\/cookie-policy-eu\\\/#breadcrumb\"},\"inLanguage\":\"pt-PT\",\"potentialAction\":[{\"@type\":\"ReadAction\",\"target\":[\"https:\\\/\\\/leanhotelsystem.com\\\/pt\\\/cookie-policy-eu\\\/\"]}]},{\"@type\":\"BreadcrumbList\",\"@id\":\"https:\\\/\\\/leanhotelsystem.com\\\/pt\\\/cookie-policy-eu\\\/#breadcrumb\",\"itemListElement\":[{\"@type\":\"ListItem\",\"position\":1,\"name\":\"Software de gestion hotelera\",\"item\":\"https:\\\/\\\/leanhotelsystem.com\\\/pt\\\/\"},{\"@type\":\"ListItem\",\"position\":2,\"name\":\"Cookie Policy (EU)\"}]},{\"@type\":\"WebSite\",\"@id\":\"https:\\\/\\\/leanhotelsystem.com\\\/pt\\\/#website\",\"url\":\"https:\\\/\\\/leanhotelsystem.com\\\/pt\\\/\",\"name\":\"PMS Hotelero - Lean Hotel System\",\"description\":\"No training required - Lean Design - Increase productivity\",\"publisher\":{\"@id\":\"https:\\\/\\\/leanhotelsystem.com\\\/pt\\\/#organization\"},\"alternateName\":\"Lean Hotel System\",\"potentialAction\":[{\"@type\":\"SearchAction\",\"target\":{\"@type\":\"EntryPoint\",\"urlTemplate\":\"https:\\\/\\\/leanhotelsystem.com\\\/pt\\\/?s={search_term_string}\"},\"query-input\":{\"@type\":\"PropertyValueSpecification\",\"valueRequired\":true,\"valueName\":\"search_term_string\"}}],\"inLanguage\":\"pt-PT\"},{\"@type\":\"Organization\",\"@id\":\"https:\\\/\\\/leanhotelsystem.com\\\/pt\\\/#organization\",\"name\":\"Lean Hotel System\",\"url\":\"https:\\\/\\\/leanhotelsystem.com\\\/pt\\\/\",\"logo\":{\"@type\":\"ImageObject\",\"inLanguage\":\"pt-PT\",\"@id\":\"https:\\\/\\\/leanhotelsystem.com\\\/pt\\\/#\\\/schema\\\/logo\\\/image\\\/\",\"url\":\"https:\\\/\\\/leanhotelsystem.com\\\/wp-content\\\/uploads\\\/2026\\\/04\\\/cropped-cropped-LEAN-MENU-LOGO-BIG.webp\",\"contentUrl\":\"https:\\\/\\\/leanhotelsystem.com\\\/wp-content\\\/uploads\\\/2026\\\/04\\\/cropped-cropped-LEAN-MENU-LOGO-BIG.webp\",\"width\":399,\"height\":133,\"caption\":\"Lean Hotel System\"},\"image\":{\"@id\":\"https:\\\/\\\/leanhotelsystem.com\\\/pt\\\/#\\\/schema\\\/logo\\\/image\\\/\"}}]}<\/script>\n<!-- \/ Yoast SEO plugin. -->","yoast_head_json":{"title":"Pol\u00edtica de cookies (UE) - Lean Hotel System","robots":{"index":"index","follow":"follow","max-snippet":"max-snippet:-1","max-image-preview":"max-image-preview:large","max-video-preview":"max-video-preview:-1"},"canonical":"https:\/\/leanhotelsystem.com\/pt\/politica-de-cookies-da-ue\/","og_locale":"pt_PT","og_type":"article","og_title":"Cookie Policy (EU) - Lean Hotel System","og_description":"Pol\u00edtica de cookies Fecha de entrada en vigor: December 02, 2025 \u00daltima actualizaci\u00f3n: December 02, 2025 &nbsp; \u00bfQu\u00e9 son las [&hellip;]","og_url":"https:\/\/leanhotelsystem.com\/pt\/politica-de-cookies-da-ue\/","og_site_name":"Lean Hotel System","article_modified_time":"2025-12-02T11:33:27+00:00","twitter_card":"summary_large_image","twitter_misc":{"Tempo estimado de leitura":"2 minutos"},"schema":{"@context":"https:\/\/schema.org","@graph":[{"@type":"WebPage","@id":"https:\/\/leanhotelsystem.com\/pt\/cookie-policy-eu\/","url":"https:\/\/leanhotelsystem.com\/pt\/cookie-policy-eu\/","name":"Pol\u00edtica de cookies (UE) - Lean Hotel System","isPartOf":{"@id":"https:\/\/leanhotelsystem.com\/pt\/#website"},"datePublished":"2024-08-09T10:29:58+00:00","dateModified":"2025-12-02T11:33:27+00:00","breadcrumb":{"@id":"https:\/\/leanhotelsystem.com\/pt\/cookie-policy-eu\/#breadcrumb"},"inLanguage":"pt-PT","potentialAction":[{"@type":"ReadAction","target":["https:\/\/leanhotelsystem.com\/pt\/cookie-policy-eu\/"]}]},{"@type":"BreadcrumbList","@id":"https:\/\/leanhotelsystem.com\/pt\/cookie-policy-eu\/#breadcrumb","itemListElement":[{"@type":"ListItem","position":1,"name":"Software de gestion hotelera","item":"https:\/\/leanhotelsystem.com\/pt\/"},{"@type":"ListItem","position":2,"name":"Cookie Policy (EU)"}]},{"@type":"WebSite","@id":"https:\/\/leanhotelsystem.com\/pt\/#website","url":"https:\/\/leanhotelsystem.com\/pt\/","name":"Hotel PMS - Sistema Lean Hotel","description":"N\u00e3o \u00e9 necess\u00e1ria forma\u00e7\u00e3o - Lean Design - Aumento da produtividade","publisher":{"@id":"https:\/\/leanhotelsystem.com\/pt\/#organization"},"alternateName":"Lean Hotel System","potentialAction":[{"@type":"SearchAction","target":{"@type":"EntryPoint","urlTemplate":"https:\/\/leanhotelsystem.com\/pt\/?s={search_term_string}"},"query-input":{"@type":"PropertyValueSpecification","valueRequired":true,"valueName":"search_term_string"}}],"inLanguage":"pt-PT"},{"@type":"Organization","@id":"https:\/\/leanhotelsystem.com\/pt\/#organization","name":"Sistema hoteleiro Lean","url":"https:\/\/leanhotelsystem.com\/pt\/","logo":{"@type":"ImageObject","inLanguage":"pt-PT","@id":"https:\/\/leanhotelsystem.com\/pt\/#\/schema\/logo\/image\/","url":"https:\/\/leanhotelsystem.com\/wp-content\/uploads\/2026\/04\/cropped-cropped-LEAN-MENU-LOGO-BIG.webp","contentUrl":"https:\/\/leanhotelsystem.com\/wp-content\/uploads\/2026\/04\/cropped-cropped-LEAN-MENU-LOGO-BIG.webp","width":399,"height":133,"caption":"Lean Hotel System"},"image":{"@id":"https:\/\/leanhotelsystem.com\/pt\/#\/schema\/logo\/image\/"}}]}},"rttpg_featured_image_url":null,"rttpg_author":{"display_name":"Fabio Design","author_link":"https:\/\/leanhotelsystem.com\/pt\/author\/user\/"},"rttpg_comment":0,"rttpg_category":null,"rttpg_excerpt":"Pol\u00edtica de cookies Fecha de entrada en vigor: December 02, 2025 \u00daltima actualizaci\u00f3n: December 02, 2025 &nbsp; \u00bfQu\u00e9 son las [&hellip;]","_links":{"self":[{"href":"https:\/\/leanhotelsystem.com\/pt\/wp-json\/wp\/v2\/pages\/6123","targetHints":{"allow":["GET"]}}],"collection":[{"href":"https:\/\/leanhotelsystem.com\/pt\/wp-json\/wp\/v2\/pages"}],"about":[{"href":"https:\/\/leanhotelsystem.com\/pt\/wp-json\/wp\/v2\/types\/page"}],"author":[{"embeddable":true,"href":"https:\/\/leanhotelsystem.com\/pt\/wp-json\/wp\/v2\/users\/1"}],"replies":[{"embeddable":true,"href":"https:\/\/leanhotelsystem.com\/pt\/wp-json\/wp\/v2\/comments?post=6123"}],"version-history":[{"count":11,"href":"https:\/\/leanhotelsystem.com\/pt\/wp-json\/wp\/v2\/pages\/6123\/revisions"}],"predecessor-version":[{"id":10055,"href":"https:\/\/leanhotelsystem.com\/pt\/wp-json\/wp\/v2\/pages\/6123\/revisions\/10055"}],"wp:attachment":[{"href":"https:\/\/leanhotelsystem.com\/pt\/wp-json\/wp\/v2\/media?parent=6123"}],"curies":[{"name":"wp","href":"https:\/\/api.w.org\/{rel}","templated":true}]}}